{"id":4265,"date":"2026-05-08T10:31:37","date_gmt":"2026-05-08T10:31:37","guid":{"rendered":"https:\/\/ecofair.be\/shop\/nettoyant-multi-surfaces\/"},"modified":"2026-05-08T10:34:05","modified_gmt":"2026-05-08T10:34:05","slug":"nettoyant-multi-surfaces","status":"publish","type":"product","link":"https:\/\/ecofair.be\/fr\/shop\/nettoyant-multi-surfaces\/","title":{"rendered":"Nettoyant multi-surfaces"},"content":{"rendered":"<p>Le nettoyant multi-surfaces naturel de Vio.Me convient \u00e0 presque toutes les surfaces dures de la maison et laisse un parfum doux et frais de citron vert (limon).<\/p>\n<p>Vaporisez directement sur la surface \u00e0 nettoyer et essuyez avec un chiffon humide ou de l&rsquo;essuie-tout. Pour un r\u00e9sultat sans traces, frottez bri\u00e8vement apr\u00e8s l&rsquo;application.<\/p>\n<p>Contenu : 750 ml<\/p>\n<p>Le nettoyant pour surfaces est formul\u00e9 \u00e0 base de substances v\u00e9g\u00e9tales et biod\u00e9gradables <\/p>\n","protected":false},"excerpt":{"rendered":"<p>Nettoyant multi-surfaces multifonctionnel \u00e0 l&rsquo;ar\u00f4me de chaux (limon), de Vio.Me (Gr\u00e8ce)<\/p>\n","protected":false},"featured_media":4262,"comment_status":"open","ping_status":"closed","template":"","meta":{"_acf_changed":false},"product_brand":[],"product_cat":[38],"product_tag":[],"class_list":{"0":"post-4265","1":"product","2":"type-product","3":"status-publish","4":"has-post-thumbnail","6":"product_cat-produits-d-entretien","8":"first","9":"instock","10":"taxable","11":"shipping-taxable","12":"purchasable","13":"product-type-simple"},"acf":[],"_links":{"self":[{"href":"https:\/\/ecofair.be\/fr\/wp-json\/wp\/v2\/product\/4265","targetHints":{"allow":["GET"]}}],"collection":[{"href":"https:\/\/ecofair.be\/fr\/wp-json\/wp\/v2\/product"}],"about":[{"href":"https:\/\/ecofair.be\/fr\/wp-json\/wp\/v2\/types\/product"}],"replies":[{"embeddable":true,"href":"https:\/\/ecofair.be\/fr\/wp-json\/wp\/v2\/comments?post=4265"}],"wp:featuredmedia":[{"embeddable":true,"href":"https:\/\/ecofair.be\/fr\/wp-json\/wp\/v2\/media\/4262"}],"wp:attachment":[{"href":"https:\/\/ecofair.be\/fr\/wp-json\/wp\/v2\/media?parent=4265"}],"wp:term":[{"taxonomy":"product_brand","embeddable":true,"href":"https:\/\/ecofair.be\/fr\/wp-json\/wp\/v2\/product_brand?post=4265"},{"taxonomy":"product_cat","embeddable":true,"href":"https:\/\/ecofair.be\/fr\/wp-json\/wp\/v2\/product_cat?post=4265"},{"taxonomy":"product_tag","embeddable":true,"href":"https:\/\/ecofair.be\/fr\/wp-json\/wp\/v2\/product_tag?post=4265"}],"curies":[{"name":"wp","href":"https:\/\/api.w.org\/{rel}","templated":true}]}}