{"id":4176,"date":"2026-02-05T15:20:34","date_gmt":"2026-02-05T15:20:34","guid":{"rendered":"https:\/\/ecofair.be\/shop\/2-kg-dolives-kalamata-denoyautees\/"},"modified":"2026-02-05T15:20:34","modified_gmt":"2026-02-05T15:20:34","slug":"2-kg-dolives-kalamata-denoyautees","status":"publish","type":"product","link":"https:\/\/ecofair.be\/fr\/shop\/2-kg-dolives-kalamata-denoyautees\/","title":{"rendered":"2 kg d&rsquo;olives Kalamata d\u00e9noyaut\u00e9es"},"content":{"rendered":"<p>L&rsquo;olive Kalamata doit sa popularit\u00e9 \u00e0 son d\u00e9licieux go\u00fbt fruit\u00e9. Elle se distingue \u00e9galement par sa couleur noire ou violet fonc\u00e9 caract\u00e9ristique. Elle est riche en graisses saines, en fer, en calcium, en vitamine A et en fibres.<\/p>\n<p>Ces 2 kg d&rsquo;olives d\u00e9noyaut\u00e9es sont conditionn\u00e9es dans un petit tonneau en plastique de 2 kg<\/p>\n","protected":false},"excerpt":{"rendered":"<p>2 kg d&rsquo;olives Kalamata d\u00e9noyaut\u00e9es<\/p>\n","protected":false},"featured_media":4169,"comment_status":"open","ping_status":"closed","template":"","meta":{"_acf_changed":false},"product_brand":[],"product_cat":[28,83],"product_tag":[],"class_list":{"0":"post-4176","1":"product","2":"type-product","3":"status-publish","4":"has-post-thumbnail","6":"product_cat-nourriture","7":"product_cat-olives-et-huile-dolive","9":"first","10":"instock","11":"purchasable","12":"product-type-simple"},"acf":[],"_links":{"self":[{"href":"https:\/\/ecofair.be\/fr\/wp-json\/wp\/v2\/product\/4176","targetHints":{"allow":["GET"]}}],"collection":[{"href":"https:\/\/ecofair.be\/fr\/wp-json\/wp\/v2\/product"}],"about":[{"href":"https:\/\/ecofair.be\/fr\/wp-json\/wp\/v2\/types\/product"}],"replies":[{"embeddable":true,"href":"https:\/\/ecofair.be\/fr\/wp-json\/wp\/v2\/comments?post=4176"}],"wp:featuredmedia":[{"embeddable":true,"href":"https:\/\/ecofair.be\/fr\/wp-json\/wp\/v2\/media\/4169"}],"wp:attachment":[{"href":"https:\/\/ecofair.be\/fr\/wp-json\/wp\/v2\/media?parent=4176"}],"wp:term":[{"taxonomy":"product_brand","embeddable":true,"href":"https:\/\/ecofair.be\/fr\/wp-json\/wp\/v2\/product_brand?post=4176"},{"taxonomy":"product_cat","embeddable":true,"href":"https:\/\/ecofair.be\/fr\/wp-json\/wp\/v2\/product_cat?post=4176"},{"taxonomy":"product_tag","embeddable":true,"href":"https:\/\/ecofair.be\/fr\/wp-json\/wp\/v2\/product_tag?post=4176"}],"curies":[{"name":"wp","href":"https:\/\/api.w.org\/{rel}","templated":true}]}}