{"id":400,"date":"2018-11-28T13:17:03","date_gmt":"2018-11-28T13:17:03","guid":{"rendered":"https:\/\/ecofair.be\/shop\/savon-dur\/"},"modified":"2022-04-14T10:29:37","modified_gmt":"2022-04-14T10:29:37","slug":"savon-dur","status":"publish","type":"product","link":"https:\/\/ecofair.be\/fr\/shop\/savon-dur\/","title":{"rendered":"SAVON DUR D&rsquo;HUILE OLIVE AVEC LAURIER"},"content":{"rendered":"<p id=\"tw-target-text\" class=\"tw-data-text tw-text-large XcVN5d tw-ta\" dir=\"ltr\" data-placeholder=\"Vertaling\"><span lang=\"fr\">Compl\u00e8tement d\u00e9riv\u00e9 de l&rsquo;huile essentielle de laurier. Le savon se compose de feuille de laurier, d&rsquo;huile d&rsquo;olive, d&rsquo;huile de souci, d&rsquo;huile de ricin, d&rsquo;huile de noix de coco, d&rsquo;huile d&rsquo;amande et d&rsquo;huile de millepertuis. Les producteurs de Vio-me ont r\u00e9cemment r\u00e9ussi \u00e0 rendre ces savons sans huile de palme.<\/span><\/p>\n","protected":false},"excerpt":{"rendered":"<p>Bloc de savon sans huile de palme de Vio.me (Gr\u00e8ce) &#8211; 120 gr<\/p>\n","protected":false},"featured_media":2045,"comment_status":"open","ping_status":"closed","template":"","meta":{"_acf_changed":false},"product_brand":[],"product_cat":[39],"product_tag":[],"class_list":{"0":"post-400","1":"product","2":"type-product","3":"status-publish","4":"has-post-thumbnail","6":"product_cat-produits-de-soins","7":"product_shipping_class-klein-product-fr","9":"first","10":"outofstock","11":"purchasable","12":"product-type-simple"},"acf":[],"_links":{"self":[{"href":"https:\/\/ecofair.be\/fr\/wp-json\/wp\/v2\/product\/400","targetHints":{"allow":["GET"]}}],"collection":[{"href":"https:\/\/ecofair.be\/fr\/wp-json\/wp\/v2\/product"}],"about":[{"href":"https:\/\/ecofair.be\/fr\/wp-json\/wp\/v2\/types\/product"}],"replies":[{"embeddable":true,"href":"https:\/\/ecofair.be\/fr\/wp-json\/wp\/v2\/comments?post=400"}],"wp:featuredmedia":[{"embeddable":true,"href":"https:\/\/ecofair.be\/fr\/wp-json\/wp\/v2\/media\/2045"}],"wp:attachment":[{"href":"https:\/\/ecofair.be\/fr\/wp-json\/wp\/v2\/media?parent=400"}],"wp:term":[{"taxonomy":"product_brand","embeddable":true,"href":"https:\/\/ecofair.be\/fr\/wp-json\/wp\/v2\/product_brand?post=400"},{"taxonomy":"product_cat","embeddable":true,"href":"https:\/\/ecofair.be\/fr\/wp-json\/wp\/v2\/product_cat?post=400"},{"taxonomy":"product_tag","embeddable":true,"href":"https:\/\/ecofair.be\/fr\/wp-json\/wp\/v2\/product_tag?post=400"}],"curies":[{"name":"wp","href":"https:\/\/api.w.org\/{rel}","templated":true}]}}