{"id":3955,"date":"2025-12-11T14:37:50","date_gmt":"2025-12-11T14:37:50","guid":{"rendered":"https:\/\/ecofair.be\/shop\/200-g-daubergines-a-la-parmigiana\/"},"modified":"2025-12-11T14:37:50","modified_gmt":"2025-12-11T14:37:50","slug":"200-g-daubergines-a-la-parmigiana","status":"publish","type":"product","link":"https:\/\/ecofair.be\/fr\/shop\/200-g-daubergines-a-la-parmigiana\/","title":{"rendered":"200 g d&rsquo;aubergines \u00e0 la parmigiana"},"content":{"rendered":"<p>Savourez les saveurs authentiques de l&rsquo;Italie avec notre d\u00e9licieuse Aubergine Parmigiana, dont les ingr\u00e9dients sont les suivants : aubergines, pur\u00e9e de tomates, huile de tournesol, pr\u00e9sure, sel, huile d&rsquo;olive extra vierge.<\/p>\n","protected":false},"excerpt":{"rendered":"<p>Aubergine Parmigiana &#8211; antica Passione<\/p>\n","protected":false},"featured_media":3949,"comment_status":"open","ping_status":"closed","template":"","meta":{"_acf_changed":false},"product_brand":[],"product_cat":[28],"product_tag":[],"class_list":{"0":"post-3955","1":"product","2":"type-product","3":"status-publish","4":"has-post-thumbnail","6":"product_cat-nourriture","8":"first","9":"instock","10":"purchasable","11":"product-type-simple"},"acf":[],"_links":{"self":[{"href":"https:\/\/ecofair.be\/fr\/wp-json\/wp\/v2\/product\/3955","targetHints":{"allow":["GET"]}}],"collection":[{"href":"https:\/\/ecofair.be\/fr\/wp-json\/wp\/v2\/product"}],"about":[{"href":"https:\/\/ecofair.be\/fr\/wp-json\/wp\/v2\/types\/product"}],"replies":[{"embeddable":true,"href":"https:\/\/ecofair.be\/fr\/wp-json\/wp\/v2\/comments?post=3955"}],"wp:featuredmedia":[{"embeddable":true,"href":"https:\/\/ecofair.be\/fr\/wp-json\/wp\/v2\/media\/3949"}],"wp:attachment":[{"href":"https:\/\/ecofair.be\/fr\/wp-json\/wp\/v2\/media?parent=3955"}],"wp:term":[{"taxonomy":"product_brand","embeddable":true,"href":"https:\/\/ecofair.be\/fr\/wp-json\/wp\/v2\/product_brand?post=3955"},{"taxonomy":"product_cat","embeddable":true,"href":"https:\/\/ecofair.be\/fr\/wp-json\/wp\/v2\/product_cat?post=3955"},{"taxonomy":"product_tag","embeddable":true,"href":"https:\/\/ecofair.be\/fr\/wp-json\/wp\/v2\/product_tag?post=3955"}],"curies":[{"name":"wp","href":"https:\/\/api.w.org\/{rel}","templated":true}]}}