{"id":394,"date":"2018-11-30T09:32:44","date_gmt":"2018-11-30T09:32:44","guid":{"rendered":"https:\/\/ecofair.be\/shop\/detergent-ecologique-concentre-500-ml\/"},"modified":"2021-07-05T10:44:48","modified_gmt":"2021-07-05T10:44:48","slug":"detergent-ecologique-concentre-500-ml","status":"publish","type":"product","link":"https:\/\/ecofair.be\/fr\/shop\/detergent-ecologique-concentre-500-ml\/","title":{"rendered":"D\u00c9TERGENT \u00c9COLOGIQUE"},"content":{"rendered":"<p id=\"tw-target-text\" class=\"tw-data-text tw-text-large XcVN5d tw-ta\" dir=\"ltr\" data-placeholder=\"Vertaling\"><span lang=\"fr\">Vio.Me fabrique un d\u00e9tergent \u00e9cologique puissant. Ce d\u00e9tergent est compos\u00e9 des ingr\u00e9dients suivants: huile v\u00e9g\u00e9tale (d&rsquo;olives, tournesol, noix de coco, ricin, amande), eau, huile de citron.<\/span><\/p>\n","protected":false},"excerpt":{"rendered":"<div>\n<blockquote>\n<div>\n<div>\n<div class=\"m_-2527696533816233542ydp1f92843yahoo-style-wrap\">\n<div id=\"m_-2527696533816233542ydp1f92843yiv8711635670\">\n<div>\n<div id=\"m_-2527696533816233542ydp1f92843yiv8711635670ydpfd078897yahoo_quoted_3828148962\" class=\"m_-2527696533816233542ydp1f92843yiv8711635670ydpfd078897yahoo_quoted\">\n<div>\n<div>\n<div id=\"m_-2527696533816233542ydp1f92843yiv8711635670ydpfd078897yiv6597476244\">\n<div dir=\"ltr\">\n<div dir=\"ltr\">\n<div class=\"m_-2527696533816233542ydp1f92843yiv8711635670ydpfd078897yiv6597476244gmail_default\">\n<div>\n<div class=\"m_-2527696533816233542ydp1f92843yiv8711635670ydpfd078897yiv6597476244gmail-product-prices\">\n<div class=\"m_-2527696533816233542ydp1f92843yiv8711635670ydpfd078897yiv6597476244gmail-tax-shipping-delivery-label\">\n<div class=\"m_-2527696533816233542ydp1f92843yiv8711635670ydpfd078897yiv6597476244gmail-product-prices\">\n<div class=\"m_-2527696533816233542ydp1f92843yiv8711635670ydpfd078897yiv6597476244gmail-tax-shipping-delivery-label\">\n<div>Liquide vaisselle concentr\u00e9 et \u00e9cologique de\u00a0<a href=\"https:\/\/vimeo.com\/214390188\" target=\"_blank\" rel=\"nofollow noopener noreferrer\" data-saferedirecturl=\"https:\/\/www.google.com\/url?q=https:\/\/vimeo.com\/214390188&amp;source=gmail&amp;ust=1553090025161000&amp;usg=AFQjCNEvEpV6v_clGD80PFbDo476r2mqZw\">Vio-me<\/a><\/div>\n<\/div>\n<\/div>\n<\/div>\n<\/div>\n<\/div>\n<\/div>\n<\/div>\n<\/div>\n<\/div>\n<\/div>\n<\/div>\n<\/div>\n<\/div>\n<\/div>\n<\/div>\n<\/div>\n<\/div>\n<\/blockquote>\n<\/div>\n","protected":false},"featured_media":1556,"comment_status":"open","ping_status":"closed","template":"","meta":{"_acf_changed":false},"product_brand":[],"product_cat":[38],"product_tag":[],"class_list":{"0":"post-394","1":"product","2":"type-product","3":"status-publish","4":"has-post-thumbnail","6":"product_cat-produits-d-entretien","7":"product_shipping_class-middelgroot-product-fr","9":"first","10":"outofstock","11":"purchasable","12":"product-type-simple"},"acf":[],"_links":{"self":[{"href":"https:\/\/ecofair.be\/fr\/wp-json\/wp\/v2\/product\/394","targetHints":{"allow":["GET"]}}],"collection":[{"href":"https:\/\/ecofair.be\/fr\/wp-json\/wp\/v2\/product"}],"about":[{"href":"https:\/\/ecofair.be\/fr\/wp-json\/wp\/v2\/types\/product"}],"replies":[{"embeddable":true,"href":"https:\/\/ecofair.be\/fr\/wp-json\/wp\/v2\/comments?post=394"}],"wp:featuredmedia":[{"embeddable":true,"href":"https:\/\/ecofair.be\/fr\/wp-json\/wp\/v2\/media\/1556"}],"wp:attachment":[{"href":"https:\/\/ecofair.be\/fr\/wp-json\/wp\/v2\/media?parent=394"}],"wp:term":[{"taxonomy":"product_brand","embeddable":true,"href":"https:\/\/ecofair.be\/fr\/wp-json\/wp\/v2\/product_brand?post=394"},{"taxonomy":"product_cat","embeddable":true,"href":"https:\/\/ecofair.be\/fr\/wp-json\/wp\/v2\/product_cat?post=394"},{"taxonomy":"product_tag","embeddable":true,"href":"https:\/\/ecofair.be\/fr\/wp-json\/wp\/v2\/product_tag?post=394"}],"curies":[{"name":"wp","href":"https:\/\/api.w.org\/{rel}","templated":true}]}}