{"id":385,"date":"2018-12-19T16:18:23","date_gmt":"2018-12-19T16:18:23","guid":{"rendered":"https:\/\/ecofair.be\/shop\/protege-passeport\/"},"modified":"2020-12-01T18:09:25","modified_gmt":"2020-12-01T18:09:25","slug":"protege-passeport","status":"publish","type":"product","link":"https:\/\/ecofair.be\/fr\/shop\/protege-passeport\/","title":{"rendered":"ETUI POUR PASSEPORT"},"content":{"rendered":"<p id=\"tw-target-text\" class=\"tw-data-text tw-text-large XcVN5d tw-ta\" dir=\"ltr\" data-placeholder=\"Vertaling\"><span lang=\"fr\">Ce porte-passeport est adapt\u00e9 pour garder vos documents pr\u00e8s de vous lors d&rsquo;un voyage ou d&rsquo;une promotion. Chaque d\u00e9tenteur de passeport a sa propre utilisation de tissus et de pi\u00e8ces de gilets de sauvetage. Ainsi, vous avez toujours une pi\u00e8ce unique.<\/span><\/p>\n","protected":false},"excerpt":{"rendered":"<p id=\"tw-target-text\" class=\"tw-data-text tw-text-large XcVN5d tw-ta\" dir=\"ltr\" data-placeholder=\"Vertaling\"><span lang=\"fr\">Ce passeport a \u00e9t\u00e9 fabriqu\u00e9 par des r\u00e9fugi\u00e9s de la Solidarit\u00e9 de Lesbos \u00e0 partir des gilets de sauvetage que les gens laissent derri\u00e8re eux \u00e0 Lesbos.<\/span><\/p>\n","protected":false},"featured_media":1619,"comment_status":"open","ping_status":"closed","template":"","meta":{"_acf_changed":false},"product_brand":[],"product_cat":[37],"product_tag":[],"class_list":{"0":"post-385","1":"product","2":"type-product","3":"status-publish","4":"has-post-thumbnail","6":"product_cat-produits-solidaires","7":"product_shipping_class-klein-product-fr","9":"first","10":"outofstock","11":"purchasable","12":"product-type-simple"},"acf":[],"_links":{"self":[{"href":"https:\/\/ecofair.be\/fr\/wp-json\/wp\/v2\/product\/385","targetHints":{"allow":["GET"]}}],"collection":[{"href":"https:\/\/ecofair.be\/fr\/wp-json\/wp\/v2\/product"}],"about":[{"href":"https:\/\/ecofair.be\/fr\/wp-json\/wp\/v2\/types\/product"}],"replies":[{"embeddable":true,"href":"https:\/\/ecofair.be\/fr\/wp-json\/wp\/v2\/comments?post=385"}],"wp:featuredmedia":[{"embeddable":true,"href":"https:\/\/ecofair.be\/fr\/wp-json\/wp\/v2\/media\/1619"}],"wp:attachment":[{"href":"https:\/\/ecofair.be\/fr\/wp-json\/wp\/v2\/media?parent=385"}],"wp:term":[{"taxonomy":"product_brand","embeddable":true,"href":"https:\/\/ecofair.be\/fr\/wp-json\/wp\/v2\/product_brand?post=385"},{"taxonomy":"product_cat","embeddable":true,"href":"https:\/\/ecofair.be\/fr\/wp-json\/wp\/v2\/product_cat?post=385"},{"taxonomy":"product_tag","embeddable":true,"href":"https:\/\/ecofair.be\/fr\/wp-json\/wp\/v2\/product_tag?post=385"}],"curies":[{"name":"wp","href":"https:\/\/api.w.org\/{rel}","templated":true}]}}