{"id":379,"date":"2018-12-21T12:12:58","date_gmt":"2018-12-21T12:12:58","guid":{"rendered":"https:\/\/ecofair.be\/shop\/vin-rouge-giato-rosso-nero-davola\/"},"modified":"2022-06-22T07:19:39","modified_gmt":"2022-06-22T07:19:39","slug":"vin-rouge-giato-rosso-nero-davola","status":"publish","type":"product","link":"https:\/\/ecofair.be\/fr\/shop\/vin-rouge-giato-rosso-nero-davola\/","title":{"rendered":"Vin rouge GIATO &#8211; NERO D&rsquo;AVOLA &#8211; Perricone &#8211; Bio"},"content":{"rendered":"<p class=\"Standard\"><span lang=\"FR-BE\">Poss\u00e8de des notes intenses de fruits rouges tels que les myrtilles, les framboises et les cerises noires ainsi qu\u2019une touche de balsamique et des notes \u00e9pic\u00e9es de poivre noir. Il est terreux avec une acidit\u00e9 vive, agr\u00e9ablement doux en bouche avec des tanins bien int\u00e9gr\u00e9s et une longue note finale. Un excellent accompagnement aux salami, antipasti et \u00e0 la caponata, mais aussi aux plats de p\u00e2tes comme les p\u00e2tes \u00e0 la sarde.<\/span><\/p>\n","protected":false},"excerpt":{"rendered":"<p>Vin rouge d&rsquo;Italie de Libera Terra<\/p>\n","protected":false},"featured_media":1848,"comment_status":"open","ping_status":"closed","template":"","meta":{"_acf_changed":false},"product_brand":[],"product_cat":[36],"product_tag":[],"class_list":{"0":"post-379","1":"product","2":"type-product","3":"status-publish","4":"has-post-thumbnail","6":"product_cat-boissons","7":"product_shipping_class-middelgroot-product-fr","9":"first","10":"instock","11":"purchasable","12":"product-type-simple"},"acf":[],"_links":{"self":[{"href":"https:\/\/ecofair.be\/fr\/wp-json\/wp\/v2\/product\/379","targetHints":{"allow":["GET"]}}],"collection":[{"href":"https:\/\/ecofair.be\/fr\/wp-json\/wp\/v2\/product"}],"about":[{"href":"https:\/\/ecofair.be\/fr\/wp-json\/wp\/v2\/types\/product"}],"replies":[{"embeddable":true,"href":"https:\/\/ecofair.be\/fr\/wp-json\/wp\/v2\/comments?post=379"}],"wp:featuredmedia":[{"embeddable":true,"href":"https:\/\/ecofair.be\/fr\/wp-json\/wp\/v2\/media\/1848"}],"wp:attachment":[{"href":"https:\/\/ecofair.be\/fr\/wp-json\/wp\/v2\/media?parent=379"}],"wp:term":[{"taxonomy":"product_brand","embeddable":true,"href":"https:\/\/ecofair.be\/fr\/wp-json\/wp\/v2\/product_brand?post=379"},{"taxonomy":"product_cat","embeddable":true,"href":"https:\/\/ecofair.be\/fr\/wp-json\/wp\/v2\/product_cat?post=379"},{"taxonomy":"product_tag","embeddable":true,"href":"https:\/\/ecofair.be\/fr\/wp-json\/wp\/v2\/product_tag?post=379"}],"curies":[{"name":"wp","href":"https:\/\/api.w.org\/{rel}","templated":true}]}}