{"id":3682,"date":"2025-06-18T12:34:08","date_gmt":"2025-06-18T12:34:08","guid":{"rendered":"https:\/\/ecofair.be\/shop\/pois-chiches-1-kg\/"},"modified":"2025-07-04T14:55:19","modified_gmt":"2025-07-04T14:55:19","slug":"pois-chiches-1-kg","status":"publish","type":"product","link":"https:\/\/ecofair.be\/fr\/shop\/pois-chiches-1-kg\/","title":{"rendered":"Pois chiches 1 kg"},"content":{"rendered":"<p>En tant que pionniers dans le secteur agricole, Thomas Truyen a sem\u00e9 en 2020 les premiers pois chiches en Belgique, parfaits pour le houmous et les falafels. Apr\u00e8s une ann\u00e9e chaude et s\u00e8che, le r\u00eave des pois chiches belges est devenu r\u00e9alit\u00e9, r\u00e9colt\u00e9s \u00e0 Zwalm.<\/p>\n","protected":false},"excerpt":{"rendered":"<p>Pois chiches belges de Zwalm<\/p>\n","protected":false},"featured_media":3651,"comment_status":"open","ping_status":"closed","template":"","meta":{"_acf_changed":false},"product_brand":[],"product_cat":[28],"product_tag":[],"class_list":{"0":"post-3682","1":"product","2":"type-product","3":"status-publish","4":"has-post-thumbnail","6":"product_cat-nourriture","8":"first","9":"instock","10":"purchasable","11":"product-type-simple"},"acf":[],"_links":{"self":[{"href":"https:\/\/ecofair.be\/fr\/wp-json\/wp\/v2\/product\/3682","targetHints":{"allow":["GET"]}}],"collection":[{"href":"https:\/\/ecofair.be\/fr\/wp-json\/wp\/v2\/product"}],"about":[{"href":"https:\/\/ecofair.be\/fr\/wp-json\/wp\/v2\/types\/product"}],"replies":[{"embeddable":true,"href":"https:\/\/ecofair.be\/fr\/wp-json\/wp\/v2\/comments?post=3682"}],"wp:featuredmedia":[{"embeddable":true,"href":"https:\/\/ecofair.be\/fr\/wp-json\/wp\/v2\/media\/3651"}],"wp:attachment":[{"href":"https:\/\/ecofair.be\/fr\/wp-json\/wp\/v2\/media?parent=3682"}],"wp:term":[{"taxonomy":"product_brand","embeddable":true,"href":"https:\/\/ecofair.be\/fr\/wp-json\/wp\/v2\/product_brand?post=3682"},{"taxonomy":"product_cat","embeddable":true,"href":"https:\/\/ecofair.be\/fr\/wp-json\/wp\/v2\/product_cat?post=3682"},{"taxonomy":"product_tag","embeddable":true,"href":"https:\/\/ecofair.be\/fr\/wp-json\/wp\/v2\/product_tag?post=3682"}],"curies":[{"name":"wp","href":"https:\/\/api.w.org\/{rel}","templated":true}]}}