{"id":3681,"date":"2025-06-18T13:33:32","date_gmt":"2025-06-18T13:33:32","guid":{"rendered":"https:\/\/ecofair.be\/shop\/bierblomme-de-ryck\/"},"modified":"2025-07-04T14:55:36","modified_gmt":"2025-07-04T14:55:36","slug":"bierblomme-de-ryck","status":"publish","type":"product","link":"https:\/\/ecofair.be\/fr\/shop\/bierblomme-de-ryck\/","title":{"rendered":"Bierblomme De Ryck 40\u00b0"},"content":{"rendered":"<p>Bierblomme est un distillat de bi\u00e8re \u00e0 base de Sp\u00e9cial De Ryck. Lors de la distillation, six herbes diff\u00e9rentes sont ajout\u00e9es, dont des zestes d\u2019orange et des fleurs de houblon. Cette eau-de-vie a un go\u00fbt l\u00e9g\u00e8rement sucr\u00e9 et floral, et r\u00e9chauffe rapidement de l\u2019int\u00e9rieur. \u2014 Herzele<\/p>\n","protected":false},"excerpt":{"rendered":"<p>Distillat de bi\u00e8re unique \u00e0 base de \u00ab\u00a0Sp\u00e9cial\u00a0\u00bb De Ryck \u2013 Herzele<\/p>\n","protected":false},"featured_media":3656,"comment_status":"open","ping_status":"closed","template":"","meta":{"_acf_changed":false},"product_brand":[],"product_cat":[36,80],"product_tag":[],"class_list":{"0":"post-3681","1":"product","2":"type-product","3":"status-publish","4":"has-post-thumbnail","6":"product_cat-boissons","7":"product_cat-produit-local","9":"first","10":"instock","11":"purchasable","12":"product-type-simple"},"acf":[],"_links":{"self":[{"href":"https:\/\/ecofair.be\/fr\/wp-json\/wp\/v2\/product\/3681","targetHints":{"allow":["GET"]}}],"collection":[{"href":"https:\/\/ecofair.be\/fr\/wp-json\/wp\/v2\/product"}],"about":[{"href":"https:\/\/ecofair.be\/fr\/wp-json\/wp\/v2\/types\/product"}],"replies":[{"embeddable":true,"href":"https:\/\/ecofair.be\/fr\/wp-json\/wp\/v2\/comments?post=3681"}],"wp:featuredmedia":[{"embeddable":true,"href":"https:\/\/ecofair.be\/fr\/wp-json\/wp\/v2\/media\/3656"}],"wp:attachment":[{"href":"https:\/\/ecofair.be\/fr\/wp-json\/wp\/v2\/media?parent=3681"}],"wp:term":[{"taxonomy":"product_brand","embeddable":true,"href":"https:\/\/ecofair.be\/fr\/wp-json\/wp\/v2\/product_brand?post=3681"},{"taxonomy":"product_cat","embeddable":true,"href":"https:\/\/ecofair.be\/fr\/wp-json\/wp\/v2\/product_cat?post=3681"},{"taxonomy":"product_tag","embeddable":true,"href":"https:\/\/ecofair.be\/fr\/wp-json\/wp\/v2\/product_tag?post=3681"}],"curies":[{"name":"wp","href":"https:\/\/api.w.org\/{rel}","templated":true}]}}