{"id":3645,"date":"2025-06-12T10:18:57","date_gmt":"2025-06-12T10:18:57","guid":{"rendered":"https:\/\/ecofair.be\/shop\/rose-dorrebeek-75-cl\/"},"modified":"2025-07-04T14:57:48","modified_gmt":"2025-07-04T14:57:48","slug":"rose-dorrebeek-75-cl","status":"publish","type":"product","link":"https:\/\/ecofair.be\/fr\/shop\/rose-dorrebeek-75-cl\/","title":{"rendered":"Ros\u00e9 Dorrebeek 75 cl"},"content":{"rendered":"<p>Le domaine Dorrebeek produit non seulement du vin rouge \u00e0 partir de ses raisins Regent, mais aussi un d\u00e9licieux vin ros\u00e9. Les vins issus du c\u00e9page Regent se caract\u00e9risent par des ar\u00f4mes de fruits rouges comme la fraise et la cerise. Le vin pr\u00e9sente \u00e9galement une belle couleur rose intense qui invite \u00e0 la d\u00e9gustation. Id\u00e9al comme vin d\u2019\u00e9t\u00e9, il accompagne aussi tr\u00e8s bien les salades fra\u00eeches et les plats l\u00e9gers.<\/p>\n","protected":false},"excerpt":{"rendered":"<p>Un assemblage de Regent et de Pinotin, ros\u00e9 \u00e9l\u00e9gant du domaine Dorrebeek \u00e0 Brakel.<\/p>\n","protected":false},"featured_media":3596,"comment_status":"open","ping_status":"closed","template":"","meta":{"_acf_changed":false},"product_brand":[],"product_cat":[80],"product_tag":[],"class_list":{"0":"post-3645","1":"product","2":"type-product","3":"status-publish","4":"has-post-thumbnail","6":"product_cat-produit-local","8":"first","9":"instock","10":"purchasable","11":"product-type-simple"},"acf":[],"_links":{"self":[{"href":"https:\/\/ecofair.be\/fr\/wp-json\/wp\/v2\/product\/3645","targetHints":{"allow":["GET"]}}],"collection":[{"href":"https:\/\/ecofair.be\/fr\/wp-json\/wp\/v2\/product"}],"about":[{"href":"https:\/\/ecofair.be\/fr\/wp-json\/wp\/v2\/types\/product"}],"replies":[{"embeddable":true,"href":"https:\/\/ecofair.be\/fr\/wp-json\/wp\/v2\/comments?post=3645"}],"wp:featuredmedia":[{"embeddable":true,"href":"https:\/\/ecofair.be\/fr\/wp-json\/wp\/v2\/media\/3596"}],"wp:attachment":[{"href":"https:\/\/ecofair.be\/fr\/wp-json\/wp\/v2\/media?parent=3645"}],"wp:term":[{"taxonomy":"product_brand","embeddable":true,"href":"https:\/\/ecofair.be\/fr\/wp-json\/wp\/v2\/product_brand?post=3645"},{"taxonomy":"product_cat","embeddable":true,"href":"https:\/\/ecofair.be\/fr\/wp-json\/wp\/v2\/product_cat?post=3645"},{"taxonomy":"product_tag","embeddable":true,"href":"https:\/\/ecofair.be\/fr\/wp-json\/wp\/v2\/product_tag?post=3645"}],"curies":[{"name":"wp","href":"https:\/\/api.w.org\/{rel}","templated":true}]}}