{"id":3639,"date":"2025-06-12T14:17:13","date_gmt":"2025-06-12T14:17:13","guid":{"rendered":"https:\/\/ecofair.be\/shop\/caserecce-artisanales-bio-addiopizzo-antico-sapore\/"},"modified":"2025-07-04T14:56:57","modified_gmt":"2025-07-04T14:56:57","slug":"caserecce-artisanales-bio-addiopizzo-antico-sapore","status":"publish","type":"product","link":"https:\/\/ecofair.be\/fr\/shop\/caserecce-artisanales-bio-addiopizzo-antico-sapore\/","title":{"rendered":"Caserecce artisanales BIO ADDIOPIZZO &#8211; Antico Sapore"},"content":{"rendered":"<p>En 2015, un projet particulier a d\u00e9marr\u00e9 dans la province de Caltanissetta, en Sicile centrale. D\u2019anciennes vari\u00e9t\u00e9s de c\u00e9r\u00e9ales, autrefois r\u00e9pandues en Sicile mais remplac\u00e9es par des vari\u00e9t\u00e9s modernes, ont \u00e9t\u00e9 sorties des banques de semences pour \u00eatre \u00e0 nouveau cultiv\u00e9es. Une collaboration s\u2019est cr\u00e9\u00e9e entre les cultivateurs de ces c\u00e9r\u00e9ales, un meunier et un fabricant artisanal de p\u00e2tes. Le r\u00e9sultat est une p\u00e2te biologique exceptionnelle.<\/p>\n<p>Maurizio Spinello utilise pour ses p\u00e2tes des matrices en bronze, ce qui permet \u00e0 la sauce de mieux adh\u00e9rer. Gr\u00e2ce \u00e0 un processus de s\u00e9chage lent, cette p\u00e2te conserve toute la richesse du grain. L\u2019utilisation d\u2019anciennes vari\u00e9t\u00e9s de c\u00e9r\u00e9ales et la production artisanale conf\u00e8rent \u00e0 la p\u00e2te Forno Santa Rita une saveur in\u00e9gal\u00e9e.<\/p>\n","protected":false},"excerpt":{"rendered":"<p>P\u00e2tes artisanales s\u00e9ch\u00e9es lentement \u00e0 base de c\u00e9r\u00e9ales siciliennes (500 g)<\/p>\n","protected":false},"featured_media":3610,"comment_status":"open","ping_status":"closed","template":"","meta":{"_acf_changed":false},"product_brand":[],"product_cat":[28],"product_tag":[],"class_list":{"0":"post-3639","1":"product","2":"type-product","3":"status-publish","4":"has-post-thumbnail","6":"product_cat-nourriture","8":"first","9":"instock","10":"purchasable","11":"product-type-simple"},"acf":[],"_links":{"self":[{"href":"https:\/\/ecofair.be\/fr\/wp-json\/wp\/v2\/product\/3639","targetHints":{"allow":["GET"]}}],"collection":[{"href":"https:\/\/ecofair.be\/fr\/wp-json\/wp\/v2\/product"}],"about":[{"href":"https:\/\/ecofair.be\/fr\/wp-json\/wp\/v2\/types\/product"}],"replies":[{"embeddable":true,"href":"https:\/\/ecofair.be\/fr\/wp-json\/wp\/v2\/comments?post=3639"}],"wp:featuredmedia":[{"embeddable":true,"href":"https:\/\/ecofair.be\/fr\/wp-json\/wp\/v2\/media\/3610"}],"wp:attachment":[{"href":"https:\/\/ecofair.be\/fr\/wp-json\/wp\/v2\/media?parent=3639"}],"wp:term":[{"taxonomy":"product_brand","embeddable":true,"href":"https:\/\/ecofair.be\/fr\/wp-json\/wp\/v2\/product_brand?post=3639"},{"taxonomy":"product_cat","embeddable":true,"href":"https:\/\/ecofair.be\/fr\/wp-json\/wp\/v2\/product_cat?post=3639"},{"taxonomy":"product_tag","embeddable":true,"href":"https:\/\/ecofair.be\/fr\/wp-json\/wp\/v2\/product_tag?post=3639"}],"curies":[{"name":"wp","href":"https:\/\/api.w.org\/{rel}","templated":true}]}}