{"id":3638,"date":"2025-06-17T14:56:02","date_gmt":"2025-06-17T14:56:02","guid":{"rendered":"https:\/\/ecofair.be\/shop\/melasse-de-poire-appelino-250-g\/"},"modified":"2025-07-04T14:56:27","modified_gmt":"2025-07-04T14:56:27","slug":"melasse-de-poire-appelino-250-g","status":"publish","type":"product","link":"https:\/\/ecofair.be\/fr\/shop\/melasse-de-poire-appelino-250-g\/","title":{"rendered":"Sirop de poire Appelino 250 g"},"content":{"rendered":"<p>La m\u00e9lasse de poire Appelino est pr\u00e9par\u00e9e avec du jus pur et fra\u00eechement press\u00e9 de poires, auquel une petite quantit\u00e9 de pommes a \u00e9t\u00e9 ajout\u00e9e. Cela am\u00e9liore la saveur et fait de cette m\u00e9lasse une d\u00e9licieuse gourmandise. Frauke a fait r\u00e9duire le jus pendant trois jours et n\u2019y a ajout\u00e9 que du sucre candi pour obtenir une gel\u00e9e d\u00e9licieusement onctueuse<\/p>\n","protected":false},"excerpt":{"rendered":"<p>Pr\u00e9par\u00e9 avec du jus pur et fra\u00eechement press\u00e9 de poires et une petite quantit\u00e9 de pommes.<\/p>\n","protected":false},"featured_media":3626,"comment_status":"open","ping_status":"closed","template":"","meta":{"_acf_changed":false},"product_brand":[],"product_cat":[28],"product_tag":[],"class_list":{"0":"post-3638","1":"product","2":"type-product","3":"status-publish","4":"has-post-thumbnail","6":"product_cat-nourriture","8":"first","9":"instock","10":"purchasable","11":"product-type-simple"},"acf":[],"_links":{"self":[{"href":"https:\/\/ecofair.be\/fr\/wp-json\/wp\/v2\/product\/3638","targetHints":{"allow":["GET"]}}],"collection":[{"href":"https:\/\/ecofair.be\/fr\/wp-json\/wp\/v2\/product"}],"about":[{"href":"https:\/\/ecofair.be\/fr\/wp-json\/wp\/v2\/types\/product"}],"replies":[{"embeddable":true,"href":"https:\/\/ecofair.be\/fr\/wp-json\/wp\/v2\/comments?post=3638"}],"wp:featuredmedia":[{"embeddable":true,"href":"https:\/\/ecofair.be\/fr\/wp-json\/wp\/v2\/media\/3626"}],"wp:attachment":[{"href":"https:\/\/ecofair.be\/fr\/wp-json\/wp\/v2\/media?parent=3638"}],"wp:term":[{"taxonomy":"product_brand","embeddable":true,"href":"https:\/\/ecofair.be\/fr\/wp-json\/wp\/v2\/product_brand?post=3638"},{"taxonomy":"product_cat","embeddable":true,"href":"https:\/\/ecofair.be\/fr\/wp-json\/wp\/v2\/product_cat?post=3638"},{"taxonomy":"product_tag","embeddable":true,"href":"https:\/\/ecofair.be\/fr\/wp-json\/wp\/v2\/product_tag?post=3638"}],"curies":[{"name":"wp","href":"https:\/\/api.w.org\/{rel}","templated":true}]}}