{"id":3636,"date":"2025-06-17T15:08:04","date_gmt":"2025-06-17T15:08:04","guid":{"rendered":"https:\/\/ecofair.be\/shop\/pickles-biologiques-200-g\/"},"modified":"2025-07-04T14:56:02","modified_gmt":"2025-07-04T14:56:02","slug":"pickles-biologiques-200-g","status":"publish","type":"product","link":"https:\/\/ecofair.be\/fr\/shop\/pickles-biologiques-200-g\/","title":{"rendered":"Pickles biologiques 200 g"},"content":{"rendered":"<p>Un agr\u00e9able parfum doux-acidul\u00e9 s\u2019\u00e9chappe d\u00e8s l\u2019ouverture du bocal. Ces pickles de la ferme biologique De Loods sont doux. Une g\u00e9n\u00e9reuse quantit\u00e9 d\u2019oignons, de tendres fleurettes de chou-fleur et quelques \u00e9clats de poivron composent l\u2019essentiel de ce bocal qui met les l\u00e9gumes \u00e0 l\u2019honneur.<br \/>\nProvenant d\u2019une ferme biologique sociale \u00e0 Alost.<\/p>\n","protected":false},"excerpt":{"rendered":"<p>Pickles biologiques de la ferme bio De Loods (Alost)<\/p>\n","protected":false},"featured_media":3630,"comment_status":"open","ping_status":"closed","template":"","meta":{"_acf_changed":false},"product_brand":[],"product_cat":[28,80],"product_tag":[],"class_list":{"0":"post-3636","1":"product","2":"type-product","3":"status-publish","4":"has-post-thumbnail","6":"product_cat-nourriture","7":"product_cat-produit-local","9":"first","10":"instock","11":"purchasable","12":"product-type-simple"},"acf":[],"_links":{"self":[{"href":"https:\/\/ecofair.be\/fr\/wp-json\/wp\/v2\/product\/3636","targetHints":{"allow":["GET"]}}],"collection":[{"href":"https:\/\/ecofair.be\/fr\/wp-json\/wp\/v2\/product"}],"about":[{"href":"https:\/\/ecofair.be\/fr\/wp-json\/wp\/v2\/types\/product"}],"replies":[{"embeddable":true,"href":"https:\/\/ecofair.be\/fr\/wp-json\/wp\/v2\/comments?post=3636"}],"wp:featuredmedia":[{"embeddable":true,"href":"https:\/\/ecofair.be\/fr\/wp-json\/wp\/v2\/media\/3630"}],"wp:attachment":[{"href":"https:\/\/ecofair.be\/fr\/wp-json\/wp\/v2\/media?parent=3636"}],"wp:term":[{"taxonomy":"product_brand","embeddable":true,"href":"https:\/\/ecofair.be\/fr\/wp-json\/wp\/v2\/product_brand?post=3636"},{"taxonomy":"product_cat","embeddable":true,"href":"https:\/\/ecofair.be\/fr\/wp-json\/wp\/v2\/product_cat?post=3636"},{"taxonomy":"product_tag","embeddable":true,"href":"https:\/\/ecofair.be\/fr\/wp-json\/wp\/v2\/product_tag?post=3636"}],"curies":[{"name":"wp","href":"https:\/\/api.w.org\/{rel}","templated":true}]}}