{"id":3429,"date":"2024-11-19T13:59:35","date_gmt":"2024-11-19T13:59:35","guid":{"rendered":"https:\/\/ecofair.be\/shop\/eco-fair-cadeaupaket\/"},"modified":"2025-07-04T14:59:04","modified_gmt":"2025-07-04T14:59:04","slug":"eco-fair-cadeaupaket","status":"publish","type":"product","link":"https:\/\/ecofair.be\/fr\/shop\/eco-fair-cadeaupaket\/","title":{"rendered":"Cadeau Eco &#038; Fair"},"content":{"rendered":"<p>Soutenez une production \u00e9quitable et durable avec les coffrets cadeaux d\u2019Eco &#038; Fair ! Chaque coffret contient des histoires de fabriques occup\u00e9es et de coop\u00e9ratives agricoles, ainsi que de d\u00e9licieux produits \u00e9quitables.<\/p>\n<p>Ce coffret comprend un produit de chacun de nos producteurs, accompagn\u00e9 d\u2019un livret racontant l\u2019histoire de chaque coop\u00e9rative.<\/p>\n<p>Les sauces d\u2019Antica Passione sont disponibles en version avec ou sans viande. Vous \u00eates v\u00e9g\u00e9tarien ? Faites-le-nous savoir en ajoutant une remarque lors de votre commande !<\/p>\n","protected":false},"excerpt":{"rendered":"<p>Ce coffret contient un produit de chacun de nos producteurs, accompagn\u00e9 d\u2019un livret racontant les histoires de chaque coop\u00e9rative.<\/p>\n","protected":false},"featured_media":3424,"comment_status":"open","ping_status":"closed","template":"","meta":{"_acf_changed":false},"product_brand":[],"product_cat":[57],"product_tag":[],"class_list":{"0":"post-3429","1":"product","2":"type-product","3":"status-publish","4":"has-post-thumbnail","6":"product_cat-cadeautip-fr","7":"product_shipping_class-middelgroot-product-fr","9":"first","10":"instock","11":"purchasable","12":"product-type-simple"},"acf":[],"_links":{"self":[{"href":"https:\/\/ecofair.be\/fr\/wp-json\/wp\/v2\/product\/3429","targetHints":{"allow":["GET"]}}],"collection":[{"href":"https:\/\/ecofair.be\/fr\/wp-json\/wp\/v2\/product"}],"about":[{"href":"https:\/\/ecofair.be\/fr\/wp-json\/wp\/v2\/types\/product"}],"replies":[{"embeddable":true,"href":"https:\/\/ecofair.be\/fr\/wp-json\/wp\/v2\/comments?post=3429"}],"wp:featuredmedia":[{"embeddable":true,"href":"https:\/\/ecofair.be\/fr\/wp-json\/wp\/v2\/media\/3424"}],"wp:attachment":[{"href":"https:\/\/ecofair.be\/fr\/wp-json\/wp\/v2\/media?parent=3429"}],"wp:term":[{"taxonomy":"product_brand","embeddable":true,"href":"https:\/\/ecofair.be\/fr\/wp-json\/wp\/v2\/product_brand?post=3429"},{"taxonomy":"product_cat","embeddable":true,"href":"https:\/\/ecofair.be\/fr\/wp-json\/wp\/v2\/product_cat?post=3429"},{"taxonomy":"product_tag","embeddable":true,"href":"https:\/\/ecofair.be\/fr\/wp-json\/wp\/v2\/product_tag?post=3429"}],"curies":[{"name":"wp","href":"https:\/\/api.w.org\/{rel}","templated":true}]}}