{"id":3313,"date":"2024-04-03T16:10:17","date_gmt":"2024-04-03T16:10:17","guid":{"rendered":"https:\/\/ecofair.be\/shop\/huile-dolive-extra-vierge-5l\/"},"modified":"2024-06-18T13:49:35","modified_gmt":"2024-06-18T13:49:35","slug":"huile-dolive-extra-vierge-5l","status":"publish","type":"product","link":"https:\/\/ecofair.be\/fr\/shop\/huile-dolive-extra-vierge-5l\/","title":{"rendered":"Huile d&rsquo;olive extra vierge Greenland &#8211; 5L"},"content":{"rendered":"<p>Cette huile d&rsquo;olive est faite \u00e0 partir de l&rsquo;olive Koroneiki. Il est \u00e9galement souvent dit que l&rsquo;olive a un go\u00fbt poivr\u00e9 herbac. Les olives sont press\u00e9es \u00e0 froid et aucun produit chimique n&rsquo;est ajout\u00e9. 100% pur naturel.<\/p>\n","protected":false},"excerpt":{"rendered":"<p>Huile d&rsquo;olive extra vierge &#8211; 5L De Greenland<\/p>\n","protected":false},"featured_media":3312,"comment_status":"open","ping_status":"closed","template":"","meta":{"_acf_changed":false},"product_brand":[],"product_cat":[28,83],"product_tag":[],"class_list":{"0":"post-3313","1":"product","2":"type-product","3":"status-publish","4":"has-post-thumbnail","6":"product_cat-nourriture","7":"product_cat-olives-et-huile-dolive","8":"product_shipping_class-middelgroot-product-fr","10":"first","11":"instock","12":"purchasable","13":"product-type-simple"},"acf":[],"_links":{"self":[{"href":"https:\/\/ecofair.be\/fr\/wp-json\/wp\/v2\/product\/3313","targetHints":{"allow":["GET"]}}],"collection":[{"href":"https:\/\/ecofair.be\/fr\/wp-json\/wp\/v2\/product"}],"about":[{"href":"https:\/\/ecofair.be\/fr\/wp-json\/wp\/v2\/types\/product"}],"replies":[{"embeddable":true,"href":"https:\/\/ecofair.be\/fr\/wp-json\/wp\/v2\/comments?post=3313"}],"wp:featuredmedia":[{"embeddable":true,"href":"https:\/\/ecofair.be\/fr\/wp-json\/wp\/v2\/media\/3312"}],"wp:attachment":[{"href":"https:\/\/ecofair.be\/fr\/wp-json\/wp\/v2\/media?parent=3313"}],"wp:term":[{"taxonomy":"product_brand","embeddable":true,"href":"https:\/\/ecofair.be\/fr\/wp-json\/wp\/v2\/product_brand?post=3313"},{"taxonomy":"product_cat","embeddable":true,"href":"https:\/\/ecofair.be\/fr\/wp-json\/wp\/v2\/product_cat?post=3313"},{"taxonomy":"product_tag","embeddable":true,"href":"https:\/\/ecofair.be\/fr\/wp-json\/wp\/v2\/product_tag?post=3313"}],"curies":[{"name":"wp","href":"https:\/\/api.w.org\/{rel}","templated":true}]}}