{"id":3284,"date":"2024-02-07T16:13:30","date_gmt":"2024-02-07T16:13:30","guid":{"rendered":"https:\/\/ecofair.be\/shop\/foulards-traditionnels-kurdes\/"},"modified":"2024-02-07T16:13:30","modified_gmt":"2024-02-07T16:13:30","slug":"foulards-traditionnels-kurdes","status":"publish","type":"product","link":"https:\/\/ecofair.be\/fr\/shop\/foulards-traditionnels-kurdes\/","title":{"rendered":"foulards traditionnels kurdes"},"content":{"rendered":"<p>Ces \u00e9charpes sont port\u00e9es par des YPJ (unit\u00e9s d&rsquo;autod\u00e9fense des femmes); elles luttent contre Daesh\/ ISIS en Syrie. Les \u00e9charpes sont fabriqu\u00e9es par une coop\u00e9rative kurde qui fait partie de Serhildan, un mouvement kurde bas\u00e9 \u00e0 Bakur, Kurdistan turc. Cette r\u00e9gion r\u00e9siste au r\u00e9gime d\u2019Erdogan. En achetant cette \u00e9charpe, vous soutenez cette communaut\u00e9 et portez fi\u00e8rement un morceau de leur patrimoine. L\u2019\u00e9charpe est faite de 100% coton et a une dimension de 90 x 90 cm. L\u2019\u00e9charpe est disponible en diff\u00e9rentes couleurs, comme le violet, le gris, le brun et le noir.<\/p>\n","protected":false},"excerpt":{"rendered":"<p>foulards traditionnels kurdes<\/p>\n","protected":false},"featured_media":3281,"comment_status":"open","ping_status":"closed","template":"","meta":{"_acf_changed":false},"product_brand":[],"product_cat":[37],"product_tag":[],"class_list":{"0":"post-3284","1":"product","2":"type-product","3":"status-publish","4":"has-post-thumbnail","6":"product_cat-produits-solidaires","8":"first","9":"outofstock","10":"purchasable","11":"product-type-simple"},"acf":[],"_links":{"self":[{"href":"https:\/\/ecofair.be\/fr\/wp-json\/wp\/v2\/product\/3284","targetHints":{"allow":["GET"]}}],"collection":[{"href":"https:\/\/ecofair.be\/fr\/wp-json\/wp\/v2\/product"}],"about":[{"href":"https:\/\/ecofair.be\/fr\/wp-json\/wp\/v2\/types\/product"}],"replies":[{"embeddable":true,"href":"https:\/\/ecofair.be\/fr\/wp-json\/wp\/v2\/comments?post=3284"}],"wp:featuredmedia":[{"embeddable":true,"href":"https:\/\/ecofair.be\/fr\/wp-json\/wp\/v2\/media\/3281"}],"wp:attachment":[{"href":"https:\/\/ecofair.be\/fr\/wp-json\/wp\/v2\/media?parent=3284"}],"wp:term":[{"taxonomy":"product_brand","embeddable":true,"href":"https:\/\/ecofair.be\/fr\/wp-json\/wp\/v2\/product_brand?post=3284"},{"taxonomy":"product_cat","embeddable":true,"href":"https:\/\/ecofair.be\/fr\/wp-json\/wp\/v2\/product_cat?post=3284"},{"taxonomy":"product_tag","embeddable":true,"href":"https:\/\/ecofair.be\/fr\/wp-json\/wp\/v2\/product_tag?post=3284"}],"curies":[{"name":"wp","href":"https:\/\/api.w.org\/{rel}","templated":true}]}}