{"id":3236,"date":"2023-12-06T15:04:13","date_gmt":"2023-12-06T15:04:13","guid":{"rendered":"https:\/\/ecofair.be\/shop\/cheque-cadeau\/"},"modified":"2023-12-06T15:04:13","modified_gmt":"2023-12-06T15:04:13","slug":"cheque-cadeau","status":"publish","type":"product","link":"https:\/\/ecofair.be\/fr\/shop\/cheque-cadeau\/","title":{"rendered":"Ch\u00e8que cadeau"},"content":{"rendered":"<p id=\"tw-target-text\" class=\"tw-data-text tw-text-large tw-ta\" dir=\"ltr\" data-placeholder=\"Vertaling\" data-ved=\"2ahUKEwi7kZeGqo-DAxXWOewKHbArBXIQ3ewLegQIDRAQ\"><span class=\"Y2IQFc\" lang=\"fr\">Laissez vos proches choisir parmi un monde de beaut\u00e9 durable avec les ch\u00e8ques cadeaux Eco &amp; Fair ! \ud83c\udf3f Un cadeau solidaire: Ne vous contentez pas d&rsquo;offrir un ch\u00e8que cadeau, offrez un geste vert. Nos ch\u00e8ques cadeaux sont impr\u00e9gn\u00e9s des valeurs de durabilit\u00e9 et de commerce \u00e9quitable, ce qui non seulement vous offre un cadeau, mais a \u00e9galement un impact positif sur notre plan\u00e8te. Avec Ecofair, non seulement vous donnez \u00e0 ceux que vous aimez, mais vous contribuez \u00e9galement \u00e0 un monde plus juste. Nos produits sont fabriqu\u00e9s avec amour, dans le respect des artisans et avec soin pour notre pr\u00e9cieuse plan\u00e8te. Comment \u00e7a marche: Choisissez le montant qui vous convient, ajoutez un message personnel et nous nous occupons du reste. L&rsquo;heureux destinataire recevra le ch\u00e8que-cadeau dans un bel emballage, pr\u00eat \u00e0 explorer un monde de d\u00e9couvertes durables. Offrez un cadeau qui fait la diff\u00e9rence \u2013 offrez un ch\u00e8que-cadeau Eco &amp; Fair.<\/span><\/p>\n","protected":false},"excerpt":{"rendered":"<p id=\"tw-target-text\" class=\"tw-data-text tw-text-large tw-ta\" dir=\"ltr\" data-placeholder=\"Vertaling\" data-ved=\"2ahUKEwi7kZeGqo-DAxXWOewKHbArBXIQ3ewLegQIDRAQ\"><span class=\"Y2IQFc\" lang=\"fr\">Un ch\u00e8que cadeau pour notre boutique en ligne d&rsquo;un montant de votre choix<\/span><\/p>\n","protected":false},"featured_media":1272,"comment_status":"open","ping_status":"closed","template":"","meta":{"_acf_changed":false},"product_brand":[],"product_cat":[57],"product_tag":[],"class_list":{"0":"post-3236","1":"product","2":"type-product","3":"status-publish","4":"has-post-thumbnail","6":"product_cat-cadeautip-fr","8":"first","9":"instock","10":"purchasable","11":"product-type-pw-gift-card"},"acf":[],"_links":{"self":[{"href":"https:\/\/ecofair.be\/fr\/wp-json\/wp\/v2\/product\/3236","targetHints":{"allow":["GET"]}}],"collection":[{"href":"https:\/\/ecofair.be\/fr\/wp-json\/wp\/v2\/product"}],"about":[{"href":"https:\/\/ecofair.be\/fr\/wp-json\/wp\/v2\/types\/product"}],"replies":[{"embeddable":true,"href":"https:\/\/ecofair.be\/fr\/wp-json\/wp\/v2\/comments?post=3236"}],"wp:featuredmedia":[{"embeddable":true,"href":"https:\/\/ecofair.be\/fr\/wp-json\/wp\/v2\/media\/1272"}],"wp:attachment":[{"href":"https:\/\/ecofair.be\/fr\/wp-json\/wp\/v2\/media?parent=3236"}],"wp:term":[{"taxonomy":"product_brand","embeddable":true,"href":"https:\/\/ecofair.be\/fr\/wp-json\/wp\/v2\/product_brand?post=3236"},{"taxonomy":"product_cat","embeddable":true,"href":"https:\/\/ecofair.be\/fr\/wp-json\/wp\/v2\/product_cat?post=3236"},{"taxonomy":"product_tag","embeddable":true,"href":"https:\/\/ecofair.be\/fr\/wp-json\/wp\/v2\/product_tag?post=3236"}],"curies":[{"name":"wp","href":"https:\/\/api.w.org\/{rel}","templated":true}]}}