{"id":3232,"date":"2023-12-14T15:07:58","date_gmt":"2023-12-14T15:07:58","guid":{"rendered":"https:\/\/ecofair.be\/shop\/pack-dexploration-italien\/"},"modified":"2023-12-14T15:07:58","modified_gmt":"2023-12-14T15:07:58","slug":"pack-dexploration-italien","status":"publish","type":"product","link":"https:\/\/ecofair.be\/fr\/shop\/pack-dexploration-italien\/","title":{"rendered":"Pack d&rsquo;exploration italien"},"content":{"rendered":"<p id=\"tw-target-text\" class=\"tw-data-text tw-text-large tw-ta\" dir=\"ltr\" data-placeholder=\"Vertaling\" data-ved=\"2ahUKEwiJyfP9io-DAxUxg_0HHdURDyAQ3ewLegQIBBAQ\"><span class=\"Y2IQFc\" lang=\"fr\">Vous souhaitez d\u00e9couvrir la cuisine italienne avec des produits honn\u00eates ? Nous travaillons avec un certain nombre de petites coop\u00e9ratives en Italie. Antica Passione, une coop\u00e9rative sociale pr\u00e8s de Naples. Le fondateur est un syndicaliste qui a retrouss\u00e9 ses manches sur le terrain apr\u00e8s avoir \u00e9t\u00e9 licenci\u00e9. Avec les ch\u00f4meurs, les toxicomanes et tous ceux qui trouvent une place dans le domaine, il fabrique de d\u00e9licieux produits de qualit\u00e9. Esperanto est une coop\u00e9rative qui exploite des terres autrefois aux mains de la mafia. Altromercato est une coop\u00e9rative plus grande qui souscrit aux m\u00eames valeurs. Ce paquet contient un masque napolitain original compl\u00e9t\u00e9 par des oignons marin\u00e9s, de la sauce tomate au saindoux, de la passata de tomates, de la p\u00e2te \u00e0 tartiner aux noisettes, du pesto de feuilles de navet, de la sauce tomate au basilic.<\/span><\/p>\n","protected":false},"excerpt":{"rendered":"<p>Pack d&rsquo;exploration italien avec des produits d&rsquo;esp\u00e9ranto, Antica Passione et Altromercato<\/p>\n","protected":false},"featured_media":3231,"comment_status":"open","ping_status":"closed","template":"","meta":{"_acf_changed":false},"product_brand":[],"product_cat":[28,57],"product_tag":[],"class_list":{"0":"post-3232","1":"product","2":"type-product","3":"status-publish","4":"has-post-thumbnail","6":"product_cat-nourriture","7":"product_cat-cadeautip-fr","9":"first","10":"instock","11":"purchasable","12":"product-type-simple"},"acf":[],"_links":{"self":[{"href":"https:\/\/ecofair.be\/fr\/wp-json\/wp\/v2\/product\/3232","targetHints":{"allow":["GET"]}}],"collection":[{"href":"https:\/\/ecofair.be\/fr\/wp-json\/wp\/v2\/product"}],"about":[{"href":"https:\/\/ecofair.be\/fr\/wp-json\/wp\/v2\/types\/product"}],"replies":[{"embeddable":true,"href":"https:\/\/ecofair.be\/fr\/wp-json\/wp\/v2\/comments?post=3232"}],"wp:featuredmedia":[{"embeddable":true,"href":"https:\/\/ecofair.be\/fr\/wp-json\/wp\/v2\/media\/3231"}],"wp:attachment":[{"href":"https:\/\/ecofair.be\/fr\/wp-json\/wp\/v2\/media?parent=3232"}],"wp:term":[{"taxonomy":"product_brand","embeddable":true,"href":"https:\/\/ecofair.be\/fr\/wp-json\/wp\/v2\/product_brand?post=3232"},{"taxonomy":"product_cat","embeddable":true,"href":"https:\/\/ecofair.be\/fr\/wp-json\/wp\/v2\/product_cat?post=3232"},{"taxonomy":"product_tag","embeddable":true,"href":"https:\/\/ecofair.be\/fr\/wp-json\/wp\/v2\/product_tag?post=3232"}],"curies":[{"name":"wp","href":"https:\/\/api.w.org\/{rel}","templated":true}]}}