{"id":3208,"date":"2023-12-14T14:23:02","date_gmt":"2023-12-14T14:23:02","guid":{"rendered":"https:\/\/ecofair.be\/shop\/pesto-de-feuilles-de-navet\/"},"modified":"2023-12-14T14:23:02","modified_gmt":"2023-12-14T14:23:02","slug":"pesto-de-feuilles-de-navet","status":"publish","type":"product","link":"https:\/\/ecofair.be\/fr\/shop\/pesto-de-feuilles-de-navet\/","title":{"rendered":"Pesto de feuilles de navet"},"content":{"rendered":"<p id=\"tw-target-text\" class=\"tw-data-text tw-text-large tw-ta\" dir=\"ltr\" data-placeholder=\"Vertaling\" data-ved=\"2ahUKEwiJyfP9io-DAxUxg_0HHdURDyAQ3ewLegQIBBAQ\"><span class=\"Y2IQFc\" lang=\"fr\">Les agriculteurs d&rsquo;Antica Passione sont connus pour leurs produits d&rsquo;excellente qualit\u00e9. Leur travail m\u00e9ticuleux commence par une r\u00e9colte minutieuse et un contr\u00f4le des noix, des tomates et autres d\u00e9licieuses friandises du champ. Pour garantir un produit de qualit\u00e9, la transformation a lieu le jour m\u00eame de l&rsquo;arriv\u00e9e des mati\u00e8res premi\u00e8res \u00e0 l&rsquo;usine. Ingr\u00e9dients : Feuilles de navet (IT), huile de tournesol, sel, piment.<\/span><\/p>\n","protected":false},"excerpt":{"rendered":"<p id=\"tw-target-text\" class=\"tw-data-text tw-text-large tw-ta\" dir=\"ltr\" data-placeholder=\"Vertaling\" data-ved=\"2ahUKEwiJyfP9io-DAxUxg_0HHdURDyAQ3ewLegQIBBAQ\"><span class=\"Y2IQFc\" lang=\"fr\">Pesto de feuilles de navet d&rsquo;Antica Passione<\/span><\/p>\n","protected":false},"featured_media":3245,"comment_status":"open","ping_status":"closed","template":"","meta":{"_acf_changed":false},"product_brand":[],"product_cat":[28],"product_tag":[],"class_list":{"0":"post-3208","1":"product","2":"type-product","3":"status-publish","4":"has-post-thumbnail","6":"product_cat-nourriture","7":"product_shipping_class-klein-product-fr","9":"first","10":"instock","11":"purchasable","12":"product-type-simple"},"acf":[],"_links":{"self":[{"href":"https:\/\/ecofair.be\/fr\/wp-json\/wp\/v2\/product\/3208","targetHints":{"allow":["GET"]}}],"collection":[{"href":"https:\/\/ecofair.be\/fr\/wp-json\/wp\/v2\/product"}],"about":[{"href":"https:\/\/ecofair.be\/fr\/wp-json\/wp\/v2\/types\/product"}],"replies":[{"embeddable":true,"href":"https:\/\/ecofair.be\/fr\/wp-json\/wp\/v2\/comments?post=3208"}],"wp:featuredmedia":[{"embeddable":true,"href":"https:\/\/ecofair.be\/fr\/wp-json\/wp\/v2\/media\/3245"}],"wp:attachment":[{"href":"https:\/\/ecofair.be\/fr\/wp-json\/wp\/v2\/media?parent=3208"}],"wp:term":[{"taxonomy":"product_brand","embeddable":true,"href":"https:\/\/ecofair.be\/fr\/wp-json\/wp\/v2\/product_brand?post=3208"},{"taxonomy":"product_cat","embeddable":true,"href":"https:\/\/ecofair.be\/fr\/wp-json\/wp\/v2\/product_cat?post=3208"},{"taxonomy":"product_tag","embeddable":true,"href":"https:\/\/ecofair.be\/fr\/wp-json\/wp\/v2\/product_tag?post=3208"}],"curies":[{"name":"wp","href":"https:\/\/api.w.org\/{rel}","templated":true}]}}