{"id":3188,"date":"2023-12-14T12:40:38","date_gmt":"2023-12-14T12:40:38","guid":{"rendered":"https:\/\/ecofair.be\/shop\/pate-de-noisette\/"},"modified":"2023-12-14T12:40:38","modified_gmt":"2023-12-14T12:40:38","slug":"pate-de-noisette","status":"publish","type":"product","link":"https:\/\/ecofair.be\/fr\/shop\/pate-de-noisette\/","title":{"rendered":"P\u00e2te de noisette"},"content":{"rendered":"<p>Les agriculteurs d&rsquo;Antica Passione sont connus pour leurs produits d&rsquo;excellente qualit\u00e9. Encore une fois, nous commen\u00e7ons \u00e0 voir le contr\u00f4le de la note la prochaine fois, des tomates dans d&rsquo;autres d\u00e9licieuses friandises du champ. Pour garantir un produit de qualit\u00e9, la transformation a lieu le jour m\u00eame de l&rsquo;arriv\u00e9e des mati\u00e8res premi\u00e8res et de l&rsquo;usine.<\/p>\n<p>NOIX DE Sorrente (IT), huile de tournesol, huile d&rsquo;olive extra vierge, Ingr\u00e9dients sel &#8211; 200 gr<\/p>\n","protected":false},"excerpt":{"rendered":"<p id=\"tw-target-text\" class=\"tw-data-text tw-text-large tw-ta\" dir=\"ltr\" data-placeholder=\"Vertaling\" data-ved=\"2ahUKEwi88cLv946DAxUL2wIHHVmoB3kQ3ewLegQIBRAQ\"><span class=\"Y2IQFc\" lang=\"fr\">P\u00e2te \u00e0 tartiner aux noisettes 200gr d&rsquo;Antica Passione d&rsquo;Italie<\/span><\/p>\n","protected":false},"featured_media":3187,"comment_status":"open","ping_status":"closed","template":"","meta":{"_acf_changed":false},"product_brand":[],"product_cat":[28],"product_tag":[],"class_list":{"0":"post-3188","1":"product","2":"type-product","3":"status-publish","4":"has-post-thumbnail","6":"product_cat-nourriture","7":"product_shipping_class-klein-product-fr","9":"first","10":"instock","11":"purchasable","12":"product-type-simple"},"acf":[],"_links":{"self":[{"href":"https:\/\/ecofair.be\/fr\/wp-json\/wp\/v2\/product\/3188","targetHints":{"allow":["GET"]}}],"collection":[{"href":"https:\/\/ecofair.be\/fr\/wp-json\/wp\/v2\/product"}],"about":[{"href":"https:\/\/ecofair.be\/fr\/wp-json\/wp\/v2\/types\/product"}],"replies":[{"embeddable":true,"href":"https:\/\/ecofair.be\/fr\/wp-json\/wp\/v2\/comments?post=3188"}],"wp:featuredmedia":[{"embeddable":true,"href":"https:\/\/ecofair.be\/fr\/wp-json\/wp\/v2\/media\/3187"}],"wp:attachment":[{"href":"https:\/\/ecofair.be\/fr\/wp-json\/wp\/v2\/media?parent=3188"}],"wp:term":[{"taxonomy":"product_brand","embeddable":true,"href":"https:\/\/ecofair.be\/fr\/wp-json\/wp\/v2\/product_brand?post=3188"},{"taxonomy":"product_cat","embeddable":true,"href":"https:\/\/ecofair.be\/fr\/wp-json\/wp\/v2\/product_cat?post=3188"},{"taxonomy":"product_tag","embeddable":true,"href":"https:\/\/ecofair.be\/fr\/wp-json\/wp\/v2\/product_tag?post=3188"}],"curies":[{"name":"wp","href":"https:\/\/api.w.org\/{rel}","templated":true}]}}