{"id":2999,"date":"2023-08-11T13:28:24","date_gmt":"2023-08-11T13:28:24","guid":{"rendered":"https:\/\/ecofair.be\/shop\/olives-kalamata-cuites-avec-loignon-et-a-lail-25g-de-greenland\/"},"modified":"2023-08-11T13:30:42","modified_gmt":"2023-08-11T13:30:42","slug":"olives-kalamata-cuites-avec-loignon-et-a-lail-25g-de-greenland","status":"publish","type":"product","link":"https:\/\/ecofair.be\/fr\/shop\/olives-kalamata-cuites-avec-loignon-et-a-lail-25g-de-greenland\/","title":{"rendered":"Olives Kalamata cuites avec l&rsquo;oignon et \u00e0 l&rsquo;ail &#8211; 25g de Greenland\u00a0\u00bb"},"content":{"rendered":"<p>Un nouveau projet de Greenlad est n\u00e9 en collaboration avec Mamellada, o\u00f9 ils ont fait cuire leurs c\u00e9l\u00e8bres olives Kalamata selon une recette unique et savoureuse. Ces d\u00e9licieuses olives, emball\u00e9es dans des sachets de 25 grammes, sont id\u00e9ales comme en-cas \u00e0 emporter.<\/p>\n","protected":false},"excerpt":{"rendered":"<p>Olives Kalamata cuites avec l&rsquo;oignon et \u00e0 l&rsquo;ail &#8211; 25g de Greenland\u00a0\u00bb<\/p>\n","protected":false},"featured_media":2998,"comment_status":"open","ping_status":"closed","template":"","meta":{"_acf_changed":false},"product_brand":[],"product_cat":[28],"product_tag":[],"class_list":{"0":"post-2999","1":"product","2":"type-product","3":"status-publish","4":"has-post-thumbnail","6":"product_cat-nourriture","8":"first","9":"outofstock","10":"taxable","11":"shipping-taxable","12":"purchasable","13":"product-type-simple"},"acf":[],"_links":{"self":[{"href":"https:\/\/ecofair.be\/fr\/wp-json\/wp\/v2\/product\/2999","targetHints":{"allow":["GET"]}}],"collection":[{"href":"https:\/\/ecofair.be\/fr\/wp-json\/wp\/v2\/product"}],"about":[{"href":"https:\/\/ecofair.be\/fr\/wp-json\/wp\/v2\/types\/product"}],"replies":[{"embeddable":true,"href":"https:\/\/ecofair.be\/fr\/wp-json\/wp\/v2\/comments?post=2999"}],"wp:featuredmedia":[{"embeddable":true,"href":"https:\/\/ecofair.be\/fr\/wp-json\/wp\/v2\/media\/2998"}],"wp:attachment":[{"href":"https:\/\/ecofair.be\/fr\/wp-json\/wp\/v2\/media?parent=2999"}],"wp:term":[{"taxonomy":"product_brand","embeddable":true,"href":"https:\/\/ecofair.be\/fr\/wp-json\/wp\/v2\/product_brand?post=2999"},{"taxonomy":"product_cat","embeddable":true,"href":"https:\/\/ecofair.be\/fr\/wp-json\/wp\/v2\/product_cat?post=2999"},{"taxonomy":"product_tag","embeddable":true,"href":"https:\/\/ecofair.be\/fr\/wp-json\/wp\/v2\/product_tag?post=2999"}],"curies":[{"name":"wp","href":"https:\/\/api.w.org\/{rel}","templated":true}]}}