{"id":2962,"date":"2023-06-09T10:22:51","date_gmt":"2023-06-09T10:22:51","guid":{"rendered":"https:\/\/ecofair.be\/shop\/olives-violettes-dans-de-lhuile-dolive-200-g\/"},"modified":"2026-02-06T16:31:38","modified_gmt":"2026-02-06T16:31:38","slug":"olives-violettes-dans-de-lhuile-dolive-200-g","status":"publish","type":"product","link":"https:\/\/ecofair.be\/fr\/shop\/olives-violettes-dans-de-lhuile-dolive-200-g\/","title":{"rendered":"d\u00e9noyauter les olives kalamata \u2013 200 g"},"content":{"rendered":"<p>Les agriculteurs du Groenland nous proposent leurs olives Kalamata violettes. L&rsquo;olive Kalamata doit sa popularit\u00e9 \u00e0 son go\u00fbt fruit\u00e9 d\u00e9licieux. De plus, elle est remarquable gr\u00e2ce \u00e0 sa couleur noire ou violet fonc\u00e9 caract\u00e9ristique. Elle est \u00e9galement plus grosse que la plupart des olives de table, ce qui lui conf\u00e8re davantage de chair. De plus, elles b\u00e9n\u00e9ficient d&rsquo;une protection l\u00e9gale selon la r\u00e9glementation de l&rsquo;UE (BOB). Elles sont riches en graisses saines, en fer, en calcium, en vitamine A et en fibres. Nos agriculteurs du Groenland conservent les olives dans un bocal contenant 200 g net d&rsquo;olives. Elles sont plong\u00e9es dans de l&rsquo;huile d&rsquo;olive extra vierge provenant de l&rsquo;olivier Koroneiki et sont pr\u00e9sent\u00e9es dans un bocal en verre.<\/p>\n","protected":false},"excerpt":{"rendered":"<p>OLIVES VIOLETTES DANS DE L&rsquo;HUILE D&rsquo;OLIVE &#8211; 200 g-Greenland<\/p>\n","protected":false},"featured_media":2961,"comment_status":"open","ping_status":"closed","template":"","meta":{"_acf_changed":false},"product_brand":[],"product_cat":[28,83],"product_tag":[],"class_list":{"0":"post-2962","1":"product","2":"type-product","3":"status-publish","4":"has-post-thumbnail","6":"product_cat-nourriture","7":"product_cat-olives-et-huile-dolive","9":"first","10":"instock","11":"purchasable","12":"product-type-simple"},"acf":[],"_links":{"self":[{"href":"https:\/\/ecofair.be\/fr\/wp-json\/wp\/v2\/product\/2962","targetHints":{"allow":["GET"]}}],"collection":[{"href":"https:\/\/ecofair.be\/fr\/wp-json\/wp\/v2\/product"}],"about":[{"href":"https:\/\/ecofair.be\/fr\/wp-json\/wp\/v2\/types\/product"}],"replies":[{"embeddable":true,"href":"https:\/\/ecofair.be\/fr\/wp-json\/wp\/v2\/comments?post=2962"}],"wp:featuredmedia":[{"embeddable":true,"href":"https:\/\/ecofair.be\/fr\/wp-json\/wp\/v2\/media\/2961"}],"wp:attachment":[{"href":"https:\/\/ecofair.be\/fr\/wp-json\/wp\/v2\/media?parent=2962"}],"wp:term":[{"taxonomy":"product_brand","embeddable":true,"href":"https:\/\/ecofair.be\/fr\/wp-json\/wp\/v2\/product_brand?post=2962"},{"taxonomy":"product_cat","embeddable":true,"href":"https:\/\/ecofair.be\/fr\/wp-json\/wp\/v2\/product_cat?post=2962"},{"taxonomy":"product_tag","embeddable":true,"href":"https:\/\/ecofair.be\/fr\/wp-json\/wp\/v2\/product_tag?post=2962"}],"curies":[{"name":"wp","href":"https:\/\/api.w.org\/{rel}","templated":true}]}}