{"id":2941,"date":"2023-05-24T12:07:38","date_gmt":"2023-05-24T12:07:38","guid":{"rendered":"https:\/\/ecofair.be\/shop\/bloc-de-savon-a-base-de-graines-de-chanvre-et-de-zeolite\/"},"modified":"2023-05-25T09:46:07","modified_gmt":"2023-05-25T09:46:07","slug":"bloc-de-savon-a-base-de-graines-de-chanvre-et-de-zeolite","status":"publish","type":"product","link":"https:\/\/ecofair.be\/fr\/shop\/bloc-de-savon-a-base-de-graines-de-chanvre-et-de-zeolite\/","title":{"rendered":"savon \u00e0 base de graines de chanvre et de z\u00e9olite"},"content":{"rendered":"<p>Ce savon procure une sensation de fra\u00eecheur et purifie la peau. Les graines de chanvre nourrissent la peau tandis que la z\u00e9olite absorbe les impuret\u00e9s. Les ingr\u00e9dients de nos savons sont d&rsquo;origine v\u00e9g\u00e9tale et, dans la mesure du possible, biologiques.<\/p>\n<p>Ingr\u00e9dients : huile d&rsquo;olive biologique, huile de coco, huile d&rsquo;amande biologique, huile de graines de chanvre, eau d\u00e9min\u00e9ralis\u00e9e, hydroxyde de sodium, z\u00e9olite<\/p>\n","protected":false},"excerpt":{"rendered":"<p>bloc de savon a base de graines de chanvre et de zeolite<\/p>\n","protected":false},"featured_media":2933,"comment_status":"open","ping_status":"closed","template":"","meta":{"_acf_changed":false},"product_brand":[],"product_cat":[39],"product_tag":[],"class_list":{"0":"post-2941","1":"product","2":"type-product","3":"status-publish","4":"has-post-thumbnail","6":"product_cat-produits-de-soins","8":"first","9":"outofstock","10":"purchasable","11":"product-type-simple"},"acf":[],"_links":{"self":[{"href":"https:\/\/ecofair.be\/fr\/wp-json\/wp\/v2\/product\/2941","targetHints":{"allow":["GET"]}}],"collection":[{"href":"https:\/\/ecofair.be\/fr\/wp-json\/wp\/v2\/product"}],"about":[{"href":"https:\/\/ecofair.be\/fr\/wp-json\/wp\/v2\/types\/product"}],"replies":[{"embeddable":true,"href":"https:\/\/ecofair.be\/fr\/wp-json\/wp\/v2\/comments?post=2941"}],"wp:featuredmedia":[{"embeddable":true,"href":"https:\/\/ecofair.be\/fr\/wp-json\/wp\/v2\/media\/2933"}],"wp:attachment":[{"href":"https:\/\/ecofair.be\/fr\/wp-json\/wp\/v2\/media?parent=2941"}],"wp:term":[{"taxonomy":"product_brand","embeddable":true,"href":"https:\/\/ecofair.be\/fr\/wp-json\/wp\/v2\/product_brand?post=2941"},{"taxonomy":"product_cat","embeddable":true,"href":"https:\/\/ecofair.be\/fr\/wp-json\/wp\/v2\/product_cat?post=2941"},{"taxonomy":"product_tag","embeddable":true,"href":"https:\/\/ecofair.be\/fr\/wp-json\/wp\/v2\/product_tag?post=2941"}],"curies":[{"name":"wp","href":"https:\/\/api.w.org\/{rel}","templated":true}]}}