{"id":2940,"date":"2023-05-24T13:00:30","date_gmt":"2023-05-24T13:00:30","guid":{"rendered":"https:\/\/ecofair.be\/shop\/olives-violettes-en-saumure-bio-420gr\/"},"modified":"2023-05-24T13:00:30","modified_gmt":"2023-05-24T13:00:30","slug":"olives-violettes-en-saumure-bio-420gr","status":"publish","type":"product","link":"https:\/\/ecofair.be\/fr\/shop\/olives-violettes-en-saumure-bio-420gr\/","title":{"rendered":"OLIVES VIOLETTES EN SAUMURE BIO &#8211; 420gr"},"content":{"rendered":"<p>Les agriculteurs du Groenland nous proposent leurs olives pourpres P.D.O Kalamata. L&rsquo;olive Kalamata doit sa popularit\u00e9 \u00e0 son go\u00fbt fruit\u00e9 d\u00e9licieux. De plus, elle se distingue par sa couleur noire ou violet fonc\u00e9 caract\u00e9ristique. Elle est \u00e9galement plus grande que la plupart des olives de table et contient donc plus de chair. L&rsquo;indication P.D.O confirme l&rsquo;origine g\u00e9ographique et la qualit\u00e9 des olives. Cela signifie que les olives sont cultiv\u00e9es, r\u00e9colt\u00e9es et transform\u00e9es de mani\u00e8re traditionnelle dans la r\u00e9gion sp\u00e9cifique de Kalamata, selon des m\u00e9thodes de production durables. Ce statut prot\u00e9g\u00e9 garantit que les olives Kalamata P.D.O sont authentiques et r\u00e9pondent \u00e0 certaines exigences de qualit\u00e9. De plus, elles b\u00e9n\u00e9ficient d&rsquo;un statut prot\u00e9g\u00e9 (AOP) selon la l\u00e9gislation de l&rsquo;Union europ\u00e9enne. Elles sont riches en graisses saines, en fer, en calcium, en vitamine A et en fibres. Nos agriculteurs du Groenland conservent les olives dans une solution saumur\u00e9e d&rsquo;eau et de sel. Le pot contient net 700gr.<\/p>\n","protected":false},"excerpt":{"rendered":"<p>OLIVES KALAMATA EN SAUMURE BIO &#8211; 420gr<\/p>\n","protected":false},"featured_media":2938,"comment_status":"open","ping_status":"closed","template":"","meta":{"_acf_changed":false},"product_brand":[],"product_cat":[28,83],"product_tag":[],"class_list":{"0":"post-2940","1":"product","2":"type-product","3":"status-publish","4":"has-post-thumbnail","6":"product_cat-nourriture","7":"product_cat-olives-et-huile-dolive","9":"first","10":"instock","11":"sale","12":"purchasable","13":"product-type-simple"},"acf":[],"_links":{"self":[{"href":"https:\/\/ecofair.be\/fr\/wp-json\/wp\/v2\/product\/2940","targetHints":{"allow":["GET"]}}],"collection":[{"href":"https:\/\/ecofair.be\/fr\/wp-json\/wp\/v2\/product"}],"about":[{"href":"https:\/\/ecofair.be\/fr\/wp-json\/wp\/v2\/types\/product"}],"replies":[{"embeddable":true,"href":"https:\/\/ecofair.be\/fr\/wp-json\/wp\/v2\/comments?post=2940"}],"wp:featuredmedia":[{"embeddable":true,"href":"https:\/\/ecofair.be\/fr\/wp-json\/wp\/v2\/media\/2938"}],"wp:attachment":[{"href":"https:\/\/ecofair.be\/fr\/wp-json\/wp\/v2\/media?parent=2940"}],"wp:term":[{"taxonomy":"product_brand","embeddable":true,"href":"https:\/\/ecofair.be\/fr\/wp-json\/wp\/v2\/product_brand?post=2940"},{"taxonomy":"product_cat","embeddable":true,"href":"https:\/\/ecofair.be\/fr\/wp-json\/wp\/v2\/product_cat?post=2940"},{"taxonomy":"product_tag","embeddable":true,"href":"https:\/\/ecofair.be\/fr\/wp-json\/wp\/v2\/product_tag?post=2940"}],"curies":[{"name":"wp","href":"https:\/\/api.w.org\/{rel}","templated":true}]}}