{"id":2823,"date":"2020-11-12T15:39:06","date_gmt":"2020-11-12T15:39:06","guid":{"rendered":"https:\/\/ecofair.be\/shop\/2823\/"},"modified":"2023-12-14T13:06:30","modified_gmt":"2023-12-14T13:06:30","slug":"2823","status":"publish","type":"product","link":"https:\/\/ecofair.be\/fr\/shop\/2823\/","title":{"rendered":"paquet cadeau Anti-Mafia"},"content":{"rendered":"<p id=\"tw-target-text\" class=\"tw-data-text tw-text-large tw-ta\" dir=\"ltr\" data-placeholder=\"Vertaling\"><span class=\"Y2IQFc\" lang=\"fr\">Avec ce package, vous soutenez la r\u00e9sistance contre la mafia en Italie. Les vins Centopassi proviennent de jeunes agriculteurs qui cultivent des vignes r\u00e9quisitionn\u00e9es par la mafia. Ils rencontr\u00e8rent une r\u00e9sistance f\u00e9roce et durent d\u00e9fendre leur terrain de toutes leurs forces. Vous pouvez litt\u00e9ralement go\u00fbter la lutte pour un monde juste dans le vin. Chez Esperanto Cooperative Sociale, les tomates, poivrons et autres l\u00e9gumes sont cultiv\u00e9s et transform\u00e9s en interne. Ils offrent un environnement de travail s\u00fbr aux personnes vuln\u00e9rables et r\u00e9sistent \u00e0 l&rsquo;exploitation par les grands propri\u00e9taires terriens. La sauce tomate au basilic provient d&rsquo;Altromercato, une autre coop\u00e9rative honn\u00eate d&rsquo;Italie. L&rsquo;huile d&rsquo;olive provient du Groenland, une coop\u00e9rative d&rsquo;agriculteurs pr\u00e8s d&rsquo;Ath\u00e8nes (Gr\u00e8ce) o\u00f9 les agriculteurs commercialisent leurs produits ensemble. En attendant, ils sont \u00e9galement certifi\u00e9s bio.<\/span><\/p>\n","protected":false},"excerpt":{"rendered":"<p id=\"tw-target-text\" class=\"tw-data-text tw-text-large tw-ta\" dir=\"ltr\" data-placeholder=\"Vertaling\"><span class=\"Y2IQFc\" lang=\"fr\">Coffret cadeau avec produits anti-mafia<\/span><\/p>\n","protected":false},"featured_media":2822,"comment_status":"open","ping_status":"closed","template":"","meta":{"_acf_changed":false},"product_brand":[],"product_cat":[36,28,57],"product_tag":[],"class_list":{"0":"post-2823","1":"product","2":"type-product","3":"status-publish","4":"has-post-thumbnail","6":"product_cat-boissons","7":"product_cat-nourriture","8":"product_cat-cadeautip-fr","10":"first","11":"instock","12":"purchasable","13":"product-type-simple"},"acf":[],"_links":{"self":[{"href":"https:\/\/ecofair.be\/fr\/wp-json\/wp\/v2\/product\/2823","targetHints":{"allow":["GET"]}}],"collection":[{"href":"https:\/\/ecofair.be\/fr\/wp-json\/wp\/v2\/product"}],"about":[{"href":"https:\/\/ecofair.be\/fr\/wp-json\/wp\/v2\/types\/product"}],"replies":[{"embeddable":true,"href":"https:\/\/ecofair.be\/fr\/wp-json\/wp\/v2\/comments?post=2823"}],"wp:featuredmedia":[{"embeddable":true,"href":"https:\/\/ecofair.be\/fr\/wp-json\/wp\/v2\/media\/2822"}],"wp:attachment":[{"href":"https:\/\/ecofair.be\/fr\/wp-json\/wp\/v2\/media?parent=2823"}],"wp:term":[{"taxonomy":"product_brand","embeddable":true,"href":"https:\/\/ecofair.be\/fr\/wp-json\/wp\/v2\/product_brand?post=2823"},{"taxonomy":"product_cat","embeddable":true,"href":"https:\/\/ecofair.be\/fr\/wp-json\/wp\/v2\/product_cat?post=2823"},{"taxonomy":"product_tag","embeddable":true,"href":"https:\/\/ecofair.be\/fr\/wp-json\/wp\/v2\/product_tag?post=2823"}],"curies":[{"name":"wp","href":"https:\/\/api.w.org\/{rel}","templated":true}]}}