{"id":2820,"date":"2022-12-08T14:35:06","date_gmt":"2022-12-08T14:35:06","guid":{"rendered":"https:\/\/ecofair.be\/shop\/tomatorevolution-paquet\/"},"modified":"2022-12-08T14:35:06","modified_gmt":"2022-12-08T14:35:06","slug":"tomatorevolution-paquet","status":"publish","type":"product","link":"https:\/\/ecofair.be\/fr\/shop\/tomatorevolution-paquet\/","title":{"rendered":"TOMATOREVOLUTION &#8211; paquet"},"content":{"rendered":"<p id=\"tw-target-text\" class=\"tw-data-text tw-text-large tw-ta\" dir=\"ltr\" data-placeholder=\"Vertaling\"><span class=\"Y2IQFc\" lang=\"fr\">Quel est le probl\u00e8me avec la tomate industrielle, la version 2.0 du fruit que la moiti\u00e9 de la population mondiale mange indirectement ? C&rsquo;est une histoire difficile sur l&rsquo;agro-industrie, l&rsquo;exploitation du travail, la mafia, la fraude mondiale et dix milliards de dollars de revenus annuels. Ce coffret contient le livre de Jean-Baptiste Malet qui traite plus en d\u00e9tail de cette question. De plus, il existe \u00e9galement de d\u00e9licieux produits \u00e0 base de tomates d&rsquo;Altromercato et d&rsquo;Esperanto Cooperativo Sociale. Excellent pour un d\u00e9licieux spaghetti avec des p\u00e2tes d&rsquo;origine sicilienne.<\/span><\/p>\n","protected":false},"excerpt":{"rendered":"<p>TOMATOREVOLUTION &#8211; <span class=\"Y2IQFc\" lang=\"fr\">paquet avec des produits de tomates honn\u00eates<\/span><\/p>\n","protected":false},"featured_media":3947,"comment_status":"open","ping_status":"closed","template":"","meta":{"_acf_changed":false},"product_brand":[],"product_cat":[57],"product_tag":[],"class_list":{"0":"post-2820","1":"product","2":"type-product","3":"status-publish","4":"has-post-thumbnail","6":"product_cat-cadeautip-fr","8":"first","9":"instock","10":"purchasable","11":"product-type-simple"},"acf":[],"_links":{"self":[{"href":"https:\/\/ecofair.be\/fr\/wp-json\/wp\/v2\/product\/2820","targetHints":{"allow":["GET"]}}],"collection":[{"href":"https:\/\/ecofair.be\/fr\/wp-json\/wp\/v2\/product"}],"about":[{"href":"https:\/\/ecofair.be\/fr\/wp-json\/wp\/v2\/types\/product"}],"replies":[{"embeddable":true,"href":"https:\/\/ecofair.be\/fr\/wp-json\/wp\/v2\/comments?post=2820"}],"wp:featuredmedia":[{"embeddable":true,"href":"https:\/\/ecofair.be\/fr\/wp-json\/wp\/v2\/media\/3947"}],"wp:attachment":[{"href":"https:\/\/ecofair.be\/fr\/wp-json\/wp\/v2\/media?parent=2820"}],"wp:term":[{"taxonomy":"product_brand","embeddable":true,"href":"https:\/\/ecofair.be\/fr\/wp-json\/wp\/v2\/product_brand?post=2820"},{"taxonomy":"product_cat","embeddable":true,"href":"https:\/\/ecofair.be\/fr\/wp-json\/wp\/v2\/product_cat?post=2820"},{"taxonomy":"product_tag","embeddable":true,"href":"https:\/\/ecofair.be\/fr\/wp-json\/wp\/v2\/product_tag?post=2820"}],"curies":[{"name":"wp","href":"https:\/\/api.w.org\/{rel}","templated":true}]}}