{"id":2816,"date":"2022-12-08T14:19:45","date_gmt":"2022-12-08T14:19:45","guid":{"rendered":"https:\/\/ecofair.be\/shop\/fleur-de-sel-met-kalamata-olijven\/"},"modified":"2023-05-25T10:12:47","modified_gmt":"2023-05-25T10:12:47","slug":"fleur-de-sel-met-kalamata-olijven","status":"publish","type":"product","link":"https:\/\/ecofair.be\/fr\/shop\/fleur-de-sel-met-kalamata-olijven\/","title":{"rendered":"FLEUR DE SEL AUX OLIVES KALAMATA"},"content":{"rendered":"<p id=\"tw-target-text\" class=\"tw-data-text tw-text-large tw-ta\" dir=\"ltr\" data-placeholder=\"Vertaling\"><span class=\"Y2IQFc\" lang=\"fr\">Le sel est fabriqu\u00e9 sur de petites salines form\u00e9es naturellement sur les rochers c\u00f4tiers des pentes abruptes de Mani. Il est collect\u00e9 \u00e0 la main par des artisans exp\u00e9riment\u00e9s. Il n&rsquo;a subi aucune transformation, il conserve donc un pourcentage de son humidit\u00e9 et le go\u00fbt authentique de la mer. Groenland est une coop\u00e9rative d&rsquo;agriculteurs pr\u00e8s d&rsquo;Ath\u00e9na (Gr\u00e8ce) &#8211; 100 gr<\/span><\/p>\n","protected":false},"excerpt":{"rendered":"<p id=\"tw-target-text\" class=\"tw-data-text tw-text-large tw-ta\" dir=\"ltr\" data-placeholder=\"Vertaling\"><span class=\"Y2IQFc\" lang=\"fr\">Fleur de sel 100gr &#8211; Greenland (Gr\u00e8ce) &#8211; BIO<\/span><\/p>\n","protected":false},"featured_media":2815,"comment_status":"open","ping_status":"closed","template":"","meta":{"_acf_changed":false},"product_brand":[],"product_cat":[28,83],"product_tag":[],"class_list":{"0":"post-2816","1":"product","2":"type-product","3":"status-publish","4":"has-post-thumbnail","6":"product_cat-nourriture","7":"product_cat-olives-et-huile-dolive","9":"first","10":"instock","11":"purchasable","12":"product-type-simple"},"acf":[],"_links":{"self":[{"href":"https:\/\/ecofair.be\/fr\/wp-json\/wp\/v2\/product\/2816","targetHints":{"allow":["GET"]}}],"collection":[{"href":"https:\/\/ecofair.be\/fr\/wp-json\/wp\/v2\/product"}],"about":[{"href":"https:\/\/ecofair.be\/fr\/wp-json\/wp\/v2\/types\/product"}],"replies":[{"embeddable":true,"href":"https:\/\/ecofair.be\/fr\/wp-json\/wp\/v2\/comments?post=2816"}],"wp:featuredmedia":[{"embeddable":true,"href":"https:\/\/ecofair.be\/fr\/wp-json\/wp\/v2\/media\/2815"}],"wp:attachment":[{"href":"https:\/\/ecofair.be\/fr\/wp-json\/wp\/v2\/media?parent=2816"}],"wp:term":[{"taxonomy":"product_brand","embeddable":true,"href":"https:\/\/ecofair.be\/fr\/wp-json\/wp\/v2\/product_brand?post=2816"},{"taxonomy":"product_cat","embeddable":true,"href":"https:\/\/ecofair.be\/fr\/wp-json\/wp\/v2\/product_cat?post=2816"},{"taxonomy":"product_tag","embeddable":true,"href":"https:\/\/ecofair.be\/fr\/wp-json\/wp\/v2\/product_tag?post=2816"}],"curies":[{"name":"wp","href":"https:\/\/api.w.org\/{rel}","templated":true}]}}