{"id":2812,"date":"2022-12-08T14:15:24","date_gmt":"2022-12-08T14:15:24","guid":{"rendered":"https:\/\/ecofair.be\/shop\/fleur-de-sel-met-tomaat-en-basilicum\/"},"modified":"2023-05-25T10:11:19","modified_gmt":"2023-05-25T10:11:19","slug":"fleur-de-sel-met-tomaat-en-basilicum","status":"publish","type":"product","link":"https:\/\/ecofair.be\/fr\/shop\/fleur-de-sel-met-tomaat-en-basilicum\/","title":{"rendered":"FLEUR DE SEL AVEC TOMATE ET BASILIC"},"content":{"rendered":"<p id=\"tw-target-text\" class=\"tw-data-text tw-text-large tw-ta\" dir=\"ltr\" data-placeholder=\"Vertaling\"><span class=\"Y2IQFc\" lang=\"fr\">Le sel est fabriqu\u00e9 sur de petites salines form\u00e9es naturellement sur les rochers c\u00f4tiers des pentes abruptes de Mani. Il est collect\u00e9 \u00e0 la main par des artisans exp\u00e9riment\u00e9s. Il n&rsquo;a subi aucune transformation, il conserve donc un pourcentage de son humidit\u00e9 et le go\u00fbt authentique de la mer.<\/span><\/p>\n<p class=\"tw-data-text tw-text-large tw-ta\" dir=\"ltr\" data-placeholder=\"Vertaling\"><span class=\"Y2IQFc\" lang=\"fr\">Greenland est une coop\u00e9rative d&rsquo;agriculteurs pr\u00e8s d&rsquo;Ath\u00e9na (Gr\u00e8ce) &#8211; 100 gr<\/span><\/p>\n","protected":false},"excerpt":{"rendered":"<p id=\"tw-target-text\" class=\"tw-data-text tw-text-large tw-ta\" dir=\"ltr\" data-placeholder=\"Vertaling\"><span class=\"Y2IQFc\" lang=\"nl\">Fleur de sel 100gr &#8211; Greenland\u00a0<\/span><\/p>\n","protected":false},"featured_media":2811,"comment_status":"open","ping_status":"closed","template":"","meta":{"_acf_changed":false},"product_brand":[],"product_cat":[28],"product_tag":[],"class_list":{"0":"post-2812","1":"product","2":"type-product","3":"status-publish","4":"has-post-thumbnail","6":"product_cat-nourriture","8":"first","9":"instock","10":"purchasable","11":"product-type-simple"},"acf":[],"_links":{"self":[{"href":"https:\/\/ecofair.be\/fr\/wp-json\/wp\/v2\/product\/2812","targetHints":{"allow":["GET"]}}],"collection":[{"href":"https:\/\/ecofair.be\/fr\/wp-json\/wp\/v2\/product"}],"about":[{"href":"https:\/\/ecofair.be\/fr\/wp-json\/wp\/v2\/types\/product"}],"replies":[{"embeddable":true,"href":"https:\/\/ecofair.be\/fr\/wp-json\/wp\/v2\/comments?post=2812"}],"wp:featuredmedia":[{"embeddable":true,"href":"https:\/\/ecofair.be\/fr\/wp-json\/wp\/v2\/media\/2811"}],"wp:attachment":[{"href":"https:\/\/ecofair.be\/fr\/wp-json\/wp\/v2\/media?parent=2812"}],"wp:term":[{"taxonomy":"product_brand","embeddable":true,"href":"https:\/\/ecofair.be\/fr\/wp-json\/wp\/v2\/product_brand?post=2812"},{"taxonomy":"product_cat","embeddable":true,"href":"https:\/\/ecofair.be\/fr\/wp-json\/wp\/v2\/product_cat?post=2812"},{"taxonomy":"product_tag","embeddable":true,"href":"https:\/\/ecofair.be\/fr\/wp-json\/wp\/v2\/product_tag?post=2812"}],"curies":[{"name":"wp","href":"https:\/\/api.w.org\/{rel}","templated":true}]}}