{"id":2808,"date":"2022-12-08T13:47:39","date_gmt":"2022-12-08T13:47:39","guid":{"rendered":"https:\/\/ecofair.be\/shop\/fleur-de-sel-a-lorange-et-au-cumin\/"},"modified":"2023-05-25T10:11:46","modified_gmt":"2023-05-25T10:11:46","slug":"fleur-de-sel-a-lorange-et-au-cumin","status":"publish","type":"product","link":"https:\/\/ecofair.be\/fr\/shop\/fleur-de-sel-a-lorange-et-au-cumin\/","title":{"rendered":"FLEUR DE SEL A L&rsquo;ORANGE ET AU CUMIN"},"content":{"rendered":"<p><span class=\"Y2IQFc\" lang=\"fr\">Le sel est fabriqu\u00e9 dans de petites salines form\u00e9es par la nature sur les rochers c\u00f4tiers des pentes abruptes du Mani. Il est collect\u00e9 \u00e0 la main par des artisans exp\u00e9riment\u00e9s. Il n&rsquo;a subi aucun traitement, ce qui a supprim\u00e9 un pourcentage de son humidit\u00e9 et le go\u00fbt authentique de la mer. Groenland est une coop\u00e9rative d&rsquo;agriculteurs pr\u00e8s d&rsquo;Ath\u00e9na (Gr\u00e8ce) &#8211; 100 gr<\/span><\/p>\n","protected":false},"excerpt":{"rendered":"<p>Fleur de sel 100gr &#8211; Greenland<\/p>\n","protected":false},"featured_media":2807,"comment_status":"open","ping_status":"closed","template":"","meta":{"_acf_changed":false},"product_brand":[],"product_cat":[28],"product_tag":[],"class_list":{"0":"post-2808","1":"product","2":"type-product","3":"status-publish","4":"has-post-thumbnail","6":"product_cat-nourriture","8":"first","9":"instock","10":"purchasable","11":"product-type-simple"},"acf":[],"_links":{"self":[{"href":"https:\/\/ecofair.be\/fr\/wp-json\/wp\/v2\/product\/2808","targetHints":{"allow":["GET"]}}],"collection":[{"href":"https:\/\/ecofair.be\/fr\/wp-json\/wp\/v2\/product"}],"about":[{"href":"https:\/\/ecofair.be\/fr\/wp-json\/wp\/v2\/types\/product"}],"replies":[{"embeddable":true,"href":"https:\/\/ecofair.be\/fr\/wp-json\/wp\/v2\/comments?post=2808"}],"wp:featuredmedia":[{"embeddable":true,"href":"https:\/\/ecofair.be\/fr\/wp-json\/wp\/v2\/media\/2807"}],"wp:attachment":[{"href":"https:\/\/ecofair.be\/fr\/wp-json\/wp\/v2\/media?parent=2808"}],"wp:term":[{"taxonomy":"product_brand","embeddable":true,"href":"https:\/\/ecofair.be\/fr\/wp-json\/wp\/v2\/product_brand?post=2808"},{"taxonomy":"product_cat","embeddable":true,"href":"https:\/\/ecofair.be\/fr\/wp-json\/wp\/v2\/product_cat?post=2808"},{"taxonomy":"product_tag","embeddable":true,"href":"https:\/\/ecofair.be\/fr\/wp-json\/wp\/v2\/product_tag?post=2808"}],"curies":[{"name":"wp","href":"https:\/\/api.w.org\/{rel}","templated":true}]}}