{"id":2639,"date":"2022-05-31T11:34:36","date_gmt":"2022-05-31T11:34:36","guid":{"rendered":"https:\/\/ecofair.be\/shop\/saus-van-gepelde-tomaten\/"},"modified":"2022-05-31T11:34:36","modified_gmt":"2022-05-31T11:34:36","slug":"saus-van-gepelde-tomaten","status":"publish","type":"product","link":"https:\/\/ecofair.be\/fr\/shop\/saus-van-gepelde-tomaten\/","title":{"rendered":"SAUCE DE TOMATES PEL\u00c9ES"},"content":{"rendered":"<p id=\"tw-target-text\" class=\"tw-data-text tw-text-large tw-ta\" dir=\"ltr\" data-placeholder=\"Vertaling\"><span class=\"Y2IQFc\" lang=\"fr\">Tomates pel\u00e9es en sauce obtenues \u00e0 partir de la transformation de la tomate Siccagno, dans la vall\u00e9e du Belice, cultiv\u00e9e en agriculture biologique \u00e0 faible impact hydrique et environnemental. Pour des sauces cr\u00e9meuses au go\u00fbt intense. Tomato Revolution Line &#8211; Pour une tomate que les caporaux n&rsquo;aiment pas<\/span><\/p>\n","protected":false},"excerpt":{"rendered":"<p id=\"tw-target-text\" class=\"tw-data-text tw-text-large tw-ta\" dir=\"ltr\" data-placeholder=\"Vertaling\"><span class=\"Y2IQFc\" lang=\"fr\">Altromercato &#8211; 0,34l &#8211; sauce de tomates pel\u00e9es<\/span><\/p>\n","protected":false},"featured_media":2638,"comment_status":"open","ping_status":"closed","template":"","meta":{"_acf_changed":false},"product_brand":[],"product_cat":[28],"product_tag":[],"class_list":{"0":"post-2639","1":"product","2":"type-product","3":"status-publish","4":"has-post-thumbnail","6":"product_cat-nourriture","7":"product_shipping_class-klein-product-fr","9":"first","10":"instock","11":"purchasable","12":"product-type-simple"},"acf":[],"_links":{"self":[{"href":"https:\/\/ecofair.be\/fr\/wp-json\/wp\/v2\/product\/2639","targetHints":{"allow":["GET"]}}],"collection":[{"href":"https:\/\/ecofair.be\/fr\/wp-json\/wp\/v2\/product"}],"about":[{"href":"https:\/\/ecofair.be\/fr\/wp-json\/wp\/v2\/types\/product"}],"replies":[{"embeddable":true,"href":"https:\/\/ecofair.be\/fr\/wp-json\/wp\/v2\/comments?post=2639"}],"wp:featuredmedia":[{"embeddable":true,"href":"https:\/\/ecofair.be\/fr\/wp-json\/wp\/v2\/media\/2638"}],"wp:attachment":[{"href":"https:\/\/ecofair.be\/fr\/wp-json\/wp\/v2\/media?parent=2639"}],"wp:term":[{"taxonomy":"product_brand","embeddable":true,"href":"https:\/\/ecofair.be\/fr\/wp-json\/wp\/v2\/product_brand?post=2639"},{"taxonomy":"product_cat","embeddable":true,"href":"https:\/\/ecofair.be\/fr\/wp-json\/wp\/v2\/product_cat?post=2639"},{"taxonomy":"product_tag","embeddable":true,"href":"https:\/\/ecofair.be\/fr\/wp-json\/wp\/v2\/product_tag?post=2639"}],"curies":[{"name":"wp","href":"https:\/\/api.w.org\/{rel}","templated":true}]}}