{"id":2548,"date":"2022-04-14T11:09:17","date_gmt":"2022-04-14T11:09:17","guid":{"rendered":"https:\/\/ecofair.be\/shop\/tomatenpassata-van-gele-tomaten-bio\/"},"modified":"2022-04-14T11:09:17","modified_gmt":"2022-04-14T11:09:17","slug":"tomatenpassata-van-gele-tomaten-bio","status":"publish","type":"product","link":"https:\/\/ecofair.be\/fr\/shop\/tomatenpassata-van-gele-tomaten-bio\/","title":{"rendered":"PASSATA DE TOMATE DE TOMATES JAUNES &#8211; BIO"},"content":{"rendered":"<p id=\"tw-target-text\" class=\"tw-data-text tw-text-large tw-ta\" dir=\"ltr\" data-placeholder=\"Vertaling\"><span class=\"Y2IQFc\" lang=\"fr\">L\u00e9g\u00e8re et velout\u00e9e, cette pur\u00e9e est r\u00e9alis\u00e9e avec des tomates Goldy cueillies \u00e0 la main dans le respect des hommes et de l&rsquo;environnement. Prima Bio, une petite r\u00e9alit\u00e9 d&rsquo;excellence dans le parc du Gargano, le cr\u00e9e.<\/span><\/p>\n","protected":false},"excerpt":{"rendered":"<p id=\"tw-target-text\" class=\"tw-data-text tw-text-large tw-ta\" dir=\"ltr\" data-placeholder=\"Vertaling\"><span class=\"Y2IQFc\" lang=\"fr\">Tomate passata de tomates jaunes d&rsquo;Italie (0.42l) &#8211; Altromercato<\/span><\/p>\n","protected":false},"featured_media":2547,"comment_status":"open","ping_status":"closed","template":"","meta":{"_acf_changed":false},"product_brand":[],"product_cat":[28],"product_tag":[],"class_list":{"0":"post-2548","1":"product","2":"type-product","3":"status-publish","4":"has-post-thumbnail","6":"product_cat-nourriture","7":"product_shipping_class-klein-product-fr","9":"first","10":"instock","11":"purchasable","12":"product-type-simple"},"acf":[],"_links":{"self":[{"href":"https:\/\/ecofair.be\/fr\/wp-json\/wp\/v2\/product\/2548","targetHints":{"allow":["GET"]}}],"collection":[{"href":"https:\/\/ecofair.be\/fr\/wp-json\/wp\/v2\/product"}],"about":[{"href":"https:\/\/ecofair.be\/fr\/wp-json\/wp\/v2\/types\/product"}],"replies":[{"embeddable":true,"href":"https:\/\/ecofair.be\/fr\/wp-json\/wp\/v2\/comments?post=2548"}],"wp:featuredmedia":[{"embeddable":true,"href":"https:\/\/ecofair.be\/fr\/wp-json\/wp\/v2\/media\/2547"}],"wp:attachment":[{"href":"https:\/\/ecofair.be\/fr\/wp-json\/wp\/v2\/media?parent=2548"}],"wp:term":[{"taxonomy":"product_brand","embeddable":true,"href":"https:\/\/ecofair.be\/fr\/wp-json\/wp\/v2\/product_brand?post=2548"},{"taxonomy":"product_cat","embeddable":true,"href":"https:\/\/ecofair.be\/fr\/wp-json\/wp\/v2\/product_cat?post=2548"},{"taxonomy":"product_tag","embeddable":true,"href":"https:\/\/ecofair.be\/fr\/wp-json\/wp\/v2\/product_tag?post=2548"}],"curies":[{"name":"wp","href":"https:\/\/api.w.org\/{rel}","templated":true}]}}