{"id":2536,"date":"2022-04-14T10:54:28","date_gmt":"2022-04-14T10:54:28","guid":{"rendered":"https:\/\/ecofair.be\/shop\/passata-tomate-artisanale\/"},"modified":"2022-04-14T10:54:28","modified_gmt":"2022-04-14T10:54:28","slug":"passata-tomate-artisanale","status":"publish","type":"product","link":"https:\/\/ecofair.be\/fr\/shop\/passata-tomate-artisanale\/","title":{"rendered":"PASSATA DE TOMATES ARTISANALE"},"content":{"rendered":"<p>Pur\u00e9e de tomates Rondes artisanale de Villa Literno cultiv\u00e9e en aridoculture (sans irrigation) et produite par la Coop\u00e9rative Esperanto sur la propri\u00e9t\u00e9 confisqu\u00e9e \u00ab Michele Landa \u00bb.<br \/>\nGr\u00e2ce \u00e0 la technique de l&rsquo;aridoculture, les tomates ont un go\u00fbt riche et intense et la pur\u00e9e est \u00e9paisse et velout\u00e9e.<br \/>\nLa pur\u00e9e est produite selon des m\u00e9thodes artisanales dans le format typique de la tradition paysanne de la Campanie.<\/p>\n","protected":false},"excerpt":{"rendered":"<p id=\"tw-target-text\" class=\"tw-data-text tw-text-large tw-ta\" dir=\"ltr\" data-placeholder=\"Vertaling\"><span class=\"Y2IQFc\" lang=\"fr\">Passata de tomates artisanale d&rsquo;Italie (0.66l) &#8211; Esperanto Cooperative Sociale<\/span><\/p>\n","protected":false},"featured_media":2535,"comment_status":"open","ping_status":"closed","template":"","meta":{"_acf_changed":false},"product_brand":[],"product_cat":[28],"product_tag":[],"class_list":{"0":"post-2536","1":"product","2":"type-product","3":"status-publish","4":"has-post-thumbnail","6":"product_cat-nourriture","8":"first","9":"outofstock","10":"sale","11":"purchasable","12":"product-type-simple"},"acf":[],"_links":{"self":[{"href":"https:\/\/ecofair.be\/fr\/wp-json\/wp\/v2\/product\/2536","targetHints":{"allow":["GET"]}}],"collection":[{"href":"https:\/\/ecofair.be\/fr\/wp-json\/wp\/v2\/product"}],"about":[{"href":"https:\/\/ecofair.be\/fr\/wp-json\/wp\/v2\/types\/product"}],"replies":[{"embeddable":true,"href":"https:\/\/ecofair.be\/fr\/wp-json\/wp\/v2\/comments?post=2536"}],"wp:featuredmedia":[{"embeddable":true,"href":"https:\/\/ecofair.be\/fr\/wp-json\/wp\/v2\/media\/2535"}],"wp:attachment":[{"href":"https:\/\/ecofair.be\/fr\/wp-json\/wp\/v2\/media?parent=2536"}],"wp:term":[{"taxonomy":"product_brand","embeddable":true,"href":"https:\/\/ecofair.be\/fr\/wp-json\/wp\/v2\/product_brand?post=2536"},{"taxonomy":"product_cat","embeddable":true,"href":"https:\/\/ecofair.be\/fr\/wp-json\/wp\/v2\/product_cat?post=2536"},{"taxonomy":"product_tag","embeddable":true,"href":"https:\/\/ecofair.be\/fr\/wp-json\/wp\/v2\/product_tag?post=2536"}],"curies":[{"name":"wp","href":"https:\/\/api.w.org\/{rel}","templated":true}]}}