{"id":2532,"date":"2022-04-14T10:48:49","date_gmt":"2022-04-14T10:48:49","guid":{"rendered":"https:\/\/ecofair.be\/shop\/tomates-rouges-de-noel-au-mout-datterino\/"},"modified":"2023-05-25T10:24:29","modified_gmt":"2023-05-25T10:24:29","slug":"tomates-rouges-de-noel-au-mout-datterino","status":"publish","type":"product","link":"https:\/\/ecofair.be\/fr\/shop\/tomates-rouges-de-noel-au-mout-datterino\/","title":{"rendered":"TOMATES CERISES ROUGES MARINEES"},"content":{"rendered":"<p>Une tomate cerise rustique de la vari\u00e9t\u00e9 Quorum produite par la coop\u00e9rative Esperanto dans la propri\u00e9t\u00e9 confisqu\u00e9e \u201cMichele Landa\u201d. Les tomates cerises sont conserv\u00e9es uniquement avec de l\u2019eau et du sel. Cette m\u00e9thode de transformation permet de conserver la couleur, le parfum et la saveur des tomates tout au long de l\u2019ann\u00e9e et de les d\u00e9guster comme si elles venaient d\u2019\u00eatre cueillies.<\/p>\n","protected":false},"excerpt":{"rendered":"<p id=\"tw-target-text\" class=\"tw-data-text tw-text-large tw-ta\" dir=\"ltr\" data-placeholder=\"Vertaling\"><span class=\"Y2IQFc\" lang=\"fr\">Tomates cerises rouges marin\u00e9es d&rsquo;Italie (0.37l) &#8211; Esperanto Cooperative Sociale<\/span><\/p>\n","protected":false},"featured_media":2531,"comment_status":"open","ping_status":"closed","template":"","meta":{"_acf_changed":false},"product_brand":[],"product_cat":[28],"product_tag":[],"class_list":{"0":"post-2532","1":"product","2":"type-product","3":"status-publish","4":"has-post-thumbnail","6":"product_cat-nourriture","7":"product_shipping_class-klein-product-fr","9":"first","10":"instock","11":"sale","12":"purchasable","13":"product-type-simple"},"acf":[],"_links":{"self":[{"href":"https:\/\/ecofair.be\/fr\/wp-json\/wp\/v2\/product\/2532","targetHints":{"allow":["GET"]}}],"collection":[{"href":"https:\/\/ecofair.be\/fr\/wp-json\/wp\/v2\/product"}],"about":[{"href":"https:\/\/ecofair.be\/fr\/wp-json\/wp\/v2\/types\/product"}],"replies":[{"embeddable":true,"href":"https:\/\/ecofair.be\/fr\/wp-json\/wp\/v2\/comments?post=2532"}],"wp:featuredmedia":[{"embeddable":true,"href":"https:\/\/ecofair.be\/fr\/wp-json\/wp\/v2\/media\/2531"}],"wp:attachment":[{"href":"https:\/\/ecofair.be\/fr\/wp-json\/wp\/v2\/media?parent=2532"}],"wp:term":[{"taxonomy":"product_brand","embeddable":true,"href":"https:\/\/ecofair.be\/fr\/wp-json\/wp\/v2\/product_brand?post=2532"},{"taxonomy":"product_cat","embeddable":true,"href":"https:\/\/ecofair.be\/fr\/wp-json\/wp\/v2\/product_cat?post=2532"},{"taxonomy":"product_tag","embeddable":true,"href":"https:\/\/ecofair.be\/fr\/wp-json\/wp\/v2\/product_tag?post=2532"}],"curies":[{"name":"wp","href":"https:\/\/api.w.org\/{rel}","templated":true}]}}