{"id":2528,"date":"2022-04-14T10:41:18","date_gmt":"2022-04-14T10:41:18","guid":{"rendered":"https:\/\/ecofair.be\/shop\/tomates-de-noel-jaunes-imposees-datterino\/"},"modified":"2023-05-25T10:33:46","modified_gmt":"2023-05-25T10:33:46","slug":"tomates-de-noel-jaunes-imposees-datterino","status":"publish","type":"product","link":"https:\/\/ecofair.be\/fr\/shop\/tomates-de-noel-jaunes-imposees-datterino\/","title":{"rendered":"TOMATES CERISES JAUNES MARINEES"},"content":{"rendered":"<p id=\"tw-target-text\" class=\"tw-data-text tw-text-large tw-ta\" dir=\"ltr\" data-placeholder=\"Vertaling\"><span class=\"Y2IQFc\" lang=\"fr\">Tomates cerises jaunes de Campanie produites par la coop\u00e9rative Esperanto sur la propri\u00e9t\u00e9 \u00ab Michele Landa \u00bb saisie dans le cadre d&rsquo;une agriculture durable et sociale. Les tomates cerises se conservent uniquement avec de l&rsquo;eau et du sel. Cette m\u00e9thode de transformation permet de conserver la couleur, le parfum et le go\u00fbt des tomates toute l&rsquo;ann\u00e9e et de les d\u00e9guster comme si elles venaient d&rsquo;\u00eatre cueillies.<\/span><\/p>\n","protected":false},"excerpt":{"rendered":"<p id=\"tw-target-text\" class=\"tw-data-text tw-text-large tw-ta\" dir=\"ltr\" data-placeholder=\"Vertaling\"><span class=\"Y2IQFc\" lang=\"fr\">Tomates cerises jaunes plac\u00e9es d&rsquo;Italie (0.37l) &#8211; Esperanto Cooperative Sociale<\/span><\/p>\n","protected":false},"featured_media":2527,"comment_status":"open","ping_status":"closed","template":"","meta":{"_acf_changed":false},"product_brand":[],"product_cat":[28],"product_tag":[],"class_list":{"0":"post-2528","1":"product","2":"type-product","3":"status-publish","4":"has-post-thumbnail","6":"product_cat-nourriture","7":"product_shipping_class-klein-product-fr","9":"first","10":"instock","11":"sale","12":"taxable","13":"shipping-taxable","14":"purchasable","15":"product-type-simple"},"acf":[],"_links":{"self":[{"href":"https:\/\/ecofair.be\/fr\/wp-json\/wp\/v2\/product\/2528","targetHints":{"allow":["GET"]}}],"collection":[{"href":"https:\/\/ecofair.be\/fr\/wp-json\/wp\/v2\/product"}],"about":[{"href":"https:\/\/ecofair.be\/fr\/wp-json\/wp\/v2\/types\/product"}],"replies":[{"embeddable":true,"href":"https:\/\/ecofair.be\/fr\/wp-json\/wp\/v2\/comments?post=2528"}],"wp:featuredmedia":[{"embeddable":true,"href":"https:\/\/ecofair.be\/fr\/wp-json\/wp\/v2\/media\/2527"}],"wp:attachment":[{"href":"https:\/\/ecofair.be\/fr\/wp-json\/wp\/v2\/media?parent=2528"}],"wp:term":[{"taxonomy":"product_brand","embeddable":true,"href":"https:\/\/ecofair.be\/fr\/wp-json\/wp\/v2\/product_brand?post=2528"},{"taxonomy":"product_cat","embeddable":true,"href":"https:\/\/ecofair.be\/fr\/wp-json\/wp\/v2\/product_cat?post=2528"},{"taxonomy":"product_tag","embeddable":true,"href":"https:\/\/ecofair.be\/fr\/wp-json\/wp\/v2\/product_tag?post=2528"}],"curies":[{"name":"wp","href":"https:\/\/api.w.org\/{rel}","templated":true}]}}