{"id":2511,"date":"2022-04-14T09:23:40","date_gmt":"2022-04-14T09:23:40","guid":{"rendered":"https:\/\/ecofair.be\/shop\/olives-violettes-en-propre-humide-420-gr\/"},"modified":"2022-04-14T09:33:23","modified_gmt":"2022-04-14T09:33:23","slug":"olives-violettes-en-propre-humide-420-gr","status":"publish","type":"product","link":"https:\/\/ecofair.be\/fr\/shop\/olives-violettes-en-propre-humide-420-gr\/","title":{"rendered":"OLIVES VIOLETTES EN SAUMURE &#8211; 420 gr"},"content":{"rendered":"<p id=\"tw-target-text\" class=\"tw-data-text tw-text-large tw-ta\" dir=\"ltr\" data-placeholder=\"Vertaling\"><span class=\"Y2IQFc\" lang=\"fr\">Les agriculteurs du Greenland nous offrent leurs olives Kalamata violettes. L&rsquo;olive Kalamata doit sa popularit\u00e9 \u00e0 son d\u00e9licieux go\u00fbt fruit\u00e9. De plus, il est sp\u00e9cial en raison de sa couleur noire ou violet fonc\u00e9 caract\u00e9ristique. Elle est \u00e9galement plus grosse que la plupart des olives de table et a donc plus de chair. En outre, ils ont un statut prot\u00e9g\u00e9 (AOP) en vertu du droit de l&rsquo;UE. Ils sont riches en graisses saines, en fer, en calcium, en vitamine A et en fibres. Nos agriculteurs groenlandais stockent les olives dans un bocal avec des olives nettes de 420 gr dans leur propre jus.<\/span><\/p>\n","protected":false},"excerpt":{"rendered":"<p id=\"tw-target-text\" class=\"tw-data-text tw-text-large tw-ta\" dir=\"ltr\" data-placeholder=\"Vertaling\"><span class=\"Y2IQFc\" lang=\"fr\">Olives violettes Kalamata du Groenland (Gr\u00e8ce) &#8211; 420 gr<\/span><\/p>\n","protected":false},"featured_media":2510,"comment_status":"open","ping_status":"closed","template":"","meta":{"_acf_changed":false},"product_brand":[],"product_cat":[28],"product_tag":[],"class_list":{"0":"post-2511","1":"product","2":"type-product","3":"status-publish","4":"has-post-thumbnail","6":"product_cat-nourriture","7":"product_shipping_class-klein-product-fr","9":"first","10":"outofstock","11":"purchasable","12":"product-type-simple"},"acf":[],"_links":{"self":[{"href":"https:\/\/ecofair.be\/fr\/wp-json\/wp\/v2\/product\/2511","targetHints":{"allow":["GET"]}}],"collection":[{"href":"https:\/\/ecofair.be\/fr\/wp-json\/wp\/v2\/product"}],"about":[{"href":"https:\/\/ecofair.be\/fr\/wp-json\/wp\/v2\/types\/product"}],"replies":[{"embeddable":true,"href":"https:\/\/ecofair.be\/fr\/wp-json\/wp\/v2\/comments?post=2511"}],"wp:featuredmedia":[{"embeddable":true,"href":"https:\/\/ecofair.be\/fr\/wp-json\/wp\/v2\/media\/2510"}],"wp:attachment":[{"href":"https:\/\/ecofair.be\/fr\/wp-json\/wp\/v2\/media?parent=2511"}],"wp:term":[{"taxonomy":"product_brand","embeddable":true,"href":"https:\/\/ecofair.be\/fr\/wp-json\/wp\/v2\/product_brand?post=2511"},{"taxonomy":"product_cat","embeddable":true,"href":"https:\/\/ecofair.be\/fr\/wp-json\/wp\/v2\/product_cat?post=2511"},{"taxonomy":"product_tag","embeddable":true,"href":"https:\/\/ecofair.be\/fr\/wp-json\/wp\/v2\/product_tag?post=2511"}],"curies":[{"name":"wp","href":"https:\/\/api.w.org\/{rel}","templated":true}]}}