{"id":2497,"date":"2021-11-30T19:01:36","date_gmt":"2021-11-30T19:01:36","guid":{"rendered":"https:\/\/ecofair.be\/shop\/vente-rapide-extra-vierge-huile-d-olive-koroneiki-500ml\/"},"modified":"2023-05-25T10:48:08","modified_gmt":"2023-05-25T10:48:08","slug":"vente-rapide-extra-vierge-huile-d-olive-koroneiki-500ml","status":"publish","type":"product","link":"https:\/\/ecofair.be\/fr\/shop\/vente-rapide-extra-vierge-huile-d-olive-koroneiki-500ml\/","title":{"rendered":"HUILE D&rsquo;OLIVE EXTRA VIERGE  &#8211; BIO-  KORONEIKI &#8211; 500ml"},"content":{"rendered":"<p id=\"tw-target-text\" class=\"tw-data-text tw-text-large tw-ta\" dir=\"ltr\" data-placeholder=\"Vertaling\">Notre huile d&rsquo;olive Koroneiki est fabriqu\u00e9e \u00e0 partir d&rsquo;olives Koroneiki de haute qualit\u00e9, connues pour leur fruit\u00e9 intense et leur caract\u00e8re poivr\u00e9. Avec son profil aromatique unique, cette huile d&rsquo;olive ajoute une touche d\u00e9licieuse et aromatique \u00e0 tous vos plats. Ce produit est certifi\u00e9 biologique. L&rsquo;huile est conditionn\u00e9e dans une bouteille en verre de 500 ml.<\/p>\n","protected":false},"excerpt":{"rendered":"<p id=\"tw-target-text\" class=\"tw-data-text tw-text-large tw-ta\" dir=\"ltr\" data-placeholder=\"Vertaling\"><span class=\"Y2IQFc\" lang=\"fr\">Huile d&rsquo;olive extra vierge d&rsquo;olives Koroneiki du Groenland (Gr\u00e8ce) &#8211; 500ml<\/span><\/p>\n","protected":false},"featured_media":2935,"comment_status":"open","ping_status":"closed","template":"","meta":{"_acf_changed":false},"product_brand":[],"product_cat":[28,83],"product_tag":[],"class_list":{"0":"post-2497","1":"product","2":"type-product","3":"status-publish","4":"has-post-thumbnail","6":"product_cat-nourriture","7":"product_cat-olives-et-huile-dolive","8":"product_shipping_class-klein-product-fr","10":"first","11":"instock","12":"purchasable","13":"product-type-simple"},"acf":[],"_links":{"self":[{"href":"https:\/\/ecofair.be\/fr\/wp-json\/wp\/v2\/product\/2497","targetHints":{"allow":["GET"]}}],"collection":[{"href":"https:\/\/ecofair.be\/fr\/wp-json\/wp\/v2\/product"}],"about":[{"href":"https:\/\/ecofair.be\/fr\/wp-json\/wp\/v2\/types\/product"}],"replies":[{"embeddable":true,"href":"https:\/\/ecofair.be\/fr\/wp-json\/wp\/v2\/comments?post=2497"}],"wp:featuredmedia":[{"embeddable":true,"href":"https:\/\/ecofair.be\/fr\/wp-json\/wp\/v2\/media\/2935"}],"wp:attachment":[{"href":"https:\/\/ecofair.be\/fr\/wp-json\/wp\/v2\/media?parent=2497"}],"wp:term":[{"taxonomy":"product_brand","embeddable":true,"href":"https:\/\/ecofair.be\/fr\/wp-json\/wp\/v2\/product_brand?post=2497"},{"taxonomy":"product_cat","embeddable":true,"href":"https:\/\/ecofair.be\/fr\/wp-json\/wp\/v2\/product_cat?post=2497"},{"taxonomy":"product_tag","embeddable":true,"href":"https:\/\/ecofair.be\/fr\/wp-json\/wp\/v2\/product_tag?post=2497"}],"curies":[{"name":"wp","href":"https:\/\/api.w.org\/{rel}","templated":true}]}}