{"id":2374,"date":"2021-11-25T16:34:35","date_gmt":"2021-11-25T16:34:35","guid":{"rendered":"https:\/\/ecofair.be\/shop\/olives-melange-de-tomates-de-cerises\/"},"modified":"2022-04-14T09:57:24","modified_gmt":"2022-04-14T09:57:24","slug":"olives-melange-de-tomates-de-cerises","status":"publish","type":"product","link":"https:\/\/ecofair.be\/fr\/shop\/olives-melange-de-tomates-de-cerises\/","title":{"rendered":"VENTE RAPIDE &#8211; OLIVES DE KALAMATA AUX TOMATES S\u00c9CH\u00c9ES AU SOLEIL"},"content":{"rendered":"<p id=\"tw-target-text\" class=\"tw-data-text tw-text-large tw-ta\" dir=\"ltr\" data-placeholder=\"Vertaling\"><span class=\"Y2IQFc\" lang=\"fr\">Les agriculteurs du Greenland nous offrent leurs olives violettes Kalamata m\u00e9lang\u00e9es \u00e0 des tomates cerises s\u00e9ch\u00e9es au soleil. L&rsquo;olive Kalamata doit sa popularit\u00e9 \u00e0 son d\u00e9licieux go\u00fbt fruit\u00e9. De plus, il est sp\u00e9cial en raison de sa couleur noire ou violet fonc\u00e9 caract\u00e9ristique. Elle est \u00e9galement plus grosse que la plupart des olives de table et a donc plus de chair. De plus, ils ont un statut prot\u00e9g\u00e9 (AOP) en vertu du droit de l&rsquo;UE. Ils sont riches en graisses saines, en fer, en calcium, en vitamine A et en fibres. Les tomates cerises et les olives Kalamata sont dans leur propre humide.<\/span><\/p>\n<p dir=\"ltr\" data-placeholder=\"Vertaling\">THT 8\/22<\/p>\n","protected":false},"excerpt":{"rendered":"<p id=\"tw-target-text\" class=\"tw-data-text tw-text-large tw-ta\" dir=\"ltr\" data-placeholder=\"Vertaling\"><span class=\"Y2IQFc\" lang=\"fr\">Greenland (Gr\u00e8ce) Olives Kalamata et tomates cerises dans leur jus &#8211; 190 gr<\/span><\/p>\n","protected":false},"featured_media":2373,"comment_status":"open","ping_status":"closed","template":"","meta":{"_acf_changed":false},"product_brand":[],"product_cat":[28],"product_tag":[],"class_list":{"0":"post-2374","1":"product","2":"type-product","3":"status-publish","4":"has-post-thumbnail","6":"product_cat-nourriture","7":"product_shipping_class-klein-product-fr","9":"first","10":"instock","11":"sale","12":"purchasable","13":"product-type-simple"},"acf":[],"_links":{"self":[{"href":"https:\/\/ecofair.be\/fr\/wp-json\/wp\/v2\/product\/2374","targetHints":{"allow":["GET"]}}],"collection":[{"href":"https:\/\/ecofair.be\/fr\/wp-json\/wp\/v2\/product"}],"about":[{"href":"https:\/\/ecofair.be\/fr\/wp-json\/wp\/v2\/types\/product"}],"replies":[{"embeddable":true,"href":"https:\/\/ecofair.be\/fr\/wp-json\/wp\/v2\/comments?post=2374"}],"wp:featuredmedia":[{"embeddable":true,"href":"https:\/\/ecofair.be\/fr\/wp-json\/wp\/v2\/media\/2373"}],"wp:attachment":[{"href":"https:\/\/ecofair.be\/fr\/wp-json\/wp\/v2\/media?parent=2374"}],"wp:term":[{"taxonomy":"product_brand","embeddable":true,"href":"https:\/\/ecofair.be\/fr\/wp-json\/wp\/v2\/product_brand?post=2374"},{"taxonomy":"product_cat","embeddable":true,"href":"https:\/\/ecofair.be\/fr\/wp-json\/wp\/v2\/product_cat?post=2374"},{"taxonomy":"product_tag","embeddable":true,"href":"https:\/\/ecofair.be\/fr\/wp-json\/wp\/v2\/product_tag?post=2374"}],"curies":[{"name":"wp","href":"https:\/\/api.w.org\/{rel}","templated":true}]}}