{"id":2096,"date":"2020-12-11T16:17:17","date_gmt":"2020-12-11T16:17:17","guid":{"rendered":"https:\/\/ecofair.be\/shop\/haarverzorging-met-laurier\/"},"modified":"2022-04-14T10:28:42","modified_gmt":"2022-04-14T10:28:42","slug":"haarverzorging-met-laurier","status":"publish","type":"product","link":"https:\/\/ecofair.be\/fr\/shop\/haarverzorging-met-laurier\/","title":{"rendered":"SOIN DES CHEVEUX AUX EXTRAITS DE LAURIER"},"content":{"rendered":"<p id=\"tw-target-text\" class=\"tw-data-text tw-text-large XcVN5d tw-ta\" dir=\"ltr\" data-placeholder=\"Vertaling\"><span lang=\"fr\">Avec cette huile capillaire, vous donnez aux cheveux une protection, une r\u00e9silience, une brillance, une hydratation et une vitalit\u00e9 suppl\u00e9mentaires. Ce soin capillaire est \u00e0 base d&rsquo;extraits de laurier. Appliquez cette huile sur vos cheveux avant de prendre la douche. Laissez p\u00e9n\u00e9trer pendant 10 minutes puis lavez vos cheveux avec un shampooing. Ce produit de soin est un pr\u00e9-shampooing et est utilis\u00e9 dans les soins capillaires naturels.<\/span><\/p>\n","protected":false},"excerpt":{"rendered":"<p id=\"tw-target-text\" class=\"tw-data-text tw-text-large XcVN5d tw-ta\" dir=\"ltr\" data-placeholder=\"Vertaling\"><span lang=\"fr\">Soin capillaire aux extraits de laurier de Vio.Me (Gr\u00e8ce)<\/span><\/p>\n","protected":false},"featured_media":2058,"comment_status":"open","ping_status":"closed","template":"","meta":{"_acf_changed":false},"product_brand":[],"product_cat":[39],"product_tag":[],"class_list":{"0":"post-2096","1":"product","2":"type-product","3":"status-publish","4":"has-post-thumbnail","6":"product_cat-produits-de-soins","7":"product_shipping_class-klein-product-fr","9":"first","10":"instock","11":"purchasable","12":"product-type-simple"},"acf":[],"_links":{"self":[{"href":"https:\/\/ecofair.be\/fr\/wp-json\/wp\/v2\/product\/2096","targetHints":{"allow":["GET"]}}],"collection":[{"href":"https:\/\/ecofair.be\/fr\/wp-json\/wp\/v2\/product"}],"about":[{"href":"https:\/\/ecofair.be\/fr\/wp-json\/wp\/v2\/types\/product"}],"replies":[{"embeddable":true,"href":"https:\/\/ecofair.be\/fr\/wp-json\/wp\/v2\/comments?post=2096"}],"wp:featuredmedia":[{"embeddable":true,"href":"https:\/\/ecofair.be\/fr\/wp-json\/wp\/v2\/media\/2058"}],"wp:attachment":[{"href":"https:\/\/ecofair.be\/fr\/wp-json\/wp\/v2\/media?parent=2096"}],"wp:term":[{"taxonomy":"product_brand","embeddable":true,"href":"https:\/\/ecofair.be\/fr\/wp-json\/wp\/v2\/product_brand?post=2096"},{"taxonomy":"product_cat","embeddable":true,"href":"https:\/\/ecofair.be\/fr\/wp-json\/wp\/v2\/product_cat?post=2096"},{"taxonomy":"product_tag","embeddable":true,"href":"https:\/\/ecofair.be\/fr\/wp-json\/wp\/v2\/product_tag?post=2096"}],"curies":[{"name":"wp","href":"https:\/\/api.w.org\/{rel}","templated":true}]}}