{"id":1937,"date":"2020-10-25T19:15:46","date_gmt":"2020-10-25T19:15:46","guid":{"rendered":"https:\/\/ecofair.be\/shop\/olives-noires-bio\/"},"modified":"2022-04-14T10:10:31","modified_gmt":"2022-04-14T10:10:31","slug":"olives-noires-bio","status":"publish","type":"product","link":"https:\/\/ecofair.be\/fr\/shop\/olives-noires-bio\/","title":{"rendered":"OLIVES NOIRES &#8211; BIO"},"content":{"rendered":"<p id=\"tw-target-text\" class=\"tw-data-text tw-text-large XcVN5d tw-ta\" dir=\"ltr\" data-placeholder=\"Vertaling\"><span lang=\"fr\">La coop\u00e9rative agricole Modousa cultive des olives Kolovi de mani\u00e8re traditionnelle pr\u00e8s de Tepes \u00e0 Lesbos. Ces olives sont conserv\u00e9es en barriques avec de l&rsquo;eau et du sel marin pendant 9 mois. Ce processus de fermentation est suivi avec un grand d\u00e9vouement. C&rsquo;est un processus compl\u00e8tement naturel dans lequel tous les nutriments sont conserv\u00e9s et les fruits obtiennent leur saveur intense. Depuis 2015, ces olives b\u00e9n\u00e9ficient du label bio europ\u00e9en. Ingr\u00e9dients: Olives, eau, sel marin. Emball\u00e9 sous vide dans un environnement contr\u00f4l\u00e9.<\/span><\/p>\n","protected":false},"excerpt":{"rendered":"<p id=\"tw-target-text\" class=\"tw-data-text tw-text-large XcVN5d tw-ta\" dir=\"ltr\" data-placeholder=\"Vertaling\"><span lang=\"fr\">D\u00e9licieuses olives noires Kolovi de Modousa (Lesbos) &#8211; emball\u00e9es sous vide 200 gr<\/span><\/p>\n","protected":false},"featured_media":1894,"comment_status":"open","ping_status":"closed","template":"","meta":{"_acf_changed":false},"product_brand":[],"product_cat":[28,83],"product_tag":[],"class_list":{"0":"post-1937","1":"product","2":"type-product","3":"status-publish","4":"has-post-thumbnail","6":"product_cat-nourriture","7":"product_cat-olives-et-huile-dolive","8":"product_shipping_class-klein-product-fr","10":"first","11":"instock","12":"purchasable","13":"product-type-simple"},"acf":[],"_links":{"self":[{"href":"https:\/\/ecofair.be\/fr\/wp-json\/wp\/v2\/product\/1937","targetHints":{"allow":["GET"]}}],"collection":[{"href":"https:\/\/ecofair.be\/fr\/wp-json\/wp\/v2\/product"}],"about":[{"href":"https:\/\/ecofair.be\/fr\/wp-json\/wp\/v2\/types\/product"}],"replies":[{"embeddable":true,"href":"https:\/\/ecofair.be\/fr\/wp-json\/wp\/v2\/comments?post=1937"}],"wp:featuredmedia":[{"embeddable":true,"href":"https:\/\/ecofair.be\/fr\/wp-json\/wp\/v2\/media\/1894"}],"wp:attachment":[{"href":"https:\/\/ecofair.be\/fr\/wp-json\/wp\/v2\/media?parent=1937"}],"wp:term":[{"taxonomy":"product_brand","embeddable":true,"href":"https:\/\/ecofair.be\/fr\/wp-json\/wp\/v2\/product_brand?post=1937"},{"taxonomy":"product_cat","embeddable":true,"href":"https:\/\/ecofair.be\/fr\/wp-json\/wp\/v2\/product_cat?post=1937"},{"taxonomy":"product_tag","embeddable":true,"href":"https:\/\/ecofair.be\/fr\/wp-json\/wp\/v2\/product_tag?post=1937"}],"curies":[{"name":"wp","href":"https:\/\/api.w.org\/{rel}","templated":true}]}}