{"id":1936,"date":"2020-10-25T20:08:09","date_gmt":"2020-10-25T20:08:09","guid":{"rendered":"https:\/\/ecofair.be\/shop\/huile-dolive-non-filtree-bio\/"},"modified":"2020-10-25T20:08:09","modified_gmt":"2020-10-25T20:08:09","slug":"huile-dolive-non-filtree-bio","status":"publish","type":"product","link":"https:\/\/ecofair.be\/fr\/shop\/huile-dolive-non-filtree-bio\/","title":{"rendered":"HUILE D&rsquo;OLIVE NON FILTR\u00c9E &#8211; BIO"},"content":{"rendered":"<p id=\"tw-target-text\" class=\"tw-data-text tw-text-large XcVN5d tw-ta\" dir=\"ltr\" data-placeholder=\"Vertaling\"><span lang=\"fr\">Les agriculteurs de Modousa produisent de l&rsquo;huile d&rsquo;olive extra vierge de premi\u00e8re qualit\u00e9 \u00e0 partir de l&rsquo;olive Kolovi sur leurs oliveraies biologiques. Le paysage vallonn\u00e9 se compose d&rsquo;oliviers, d&rsquo;herbes sauvages, de plantes herbac\u00e9es et d&rsquo;abeilles bourdonnantes. Vous pouvez le go\u00fbter dans la saveur douce et pleine de l&rsquo;huile d&rsquo;olive. Cette huile d&rsquo;olive non filtr\u00e9e se pr\u00e9sente dans une bouteille de 500 ml.<\/span><\/p>\n","protected":false},"excerpt":{"rendered":"<p id=\"tw-target-text\" class=\"tw-data-text tw-text-large XcVN5d tw-ta\" dir=\"ltr\" data-placeholder=\"Vertaling\"><span lang=\"fr\">Huile d&rsquo;olive non filtr\u00e9e d&rsquo;olive Kolovi de Modousa (Lesbos) &#8211; 500 ml<\/span><\/p>\n","protected":false},"featured_media":1900,"comment_status":"open","ping_status":"closed","template":"","meta":{"_acf_changed":false},"product_brand":[],"product_cat":[28],"product_tag":[],"class_list":{"0":"post-1936","1":"product","2":"type-product","3":"status-publish","4":"has-post-thumbnail","6":"product_cat-nourriture","7":"product_shipping_class-klein-product-fr","9":"first","10":"outofstock","11":"purchasable","12":"product-type-simple"},"acf":[],"_links":{"self":[{"href":"https:\/\/ecofair.be\/fr\/wp-json\/wp\/v2\/product\/1936","targetHints":{"allow":["GET"]}}],"collection":[{"href":"https:\/\/ecofair.be\/fr\/wp-json\/wp\/v2\/product"}],"about":[{"href":"https:\/\/ecofair.be\/fr\/wp-json\/wp\/v2\/types\/product"}],"replies":[{"embeddable":true,"href":"https:\/\/ecofair.be\/fr\/wp-json\/wp\/v2\/comments?post=1936"}],"wp:featuredmedia":[{"embeddable":true,"href":"https:\/\/ecofair.be\/fr\/wp-json\/wp\/v2\/media\/1900"}],"wp:attachment":[{"href":"https:\/\/ecofair.be\/fr\/wp-json\/wp\/v2\/media?parent=1936"}],"wp:term":[{"taxonomy":"product_brand","embeddable":true,"href":"https:\/\/ecofair.be\/fr\/wp-json\/wp\/v2\/product_brand?post=1936"},{"taxonomy":"product_cat","embeddable":true,"href":"https:\/\/ecofair.be\/fr\/wp-json\/wp\/v2\/product_cat?post=1936"},{"taxonomy":"product_tag","embeddable":true,"href":"https:\/\/ecofair.be\/fr\/wp-json\/wp\/v2\/product_tag?post=1936"}],"curies":[{"name":"wp","href":"https:\/\/api.w.org\/{rel}","templated":true}]}}