{"id":1240,"date":"2020-02-11T19:36:51","date_gmt":"2020-02-11T19:36:51","guid":{"rendered":"https:\/\/ecofair.be\/shop\/savon-dur-avec-laurier\/"},"modified":"2022-04-14T10:31:55","modified_gmt":"2022-04-14T10:31:55","slug":"savon-dur-avec-laurier","status":"publish","type":"product","link":"https:\/\/ecofair.be\/fr\/shop\/savon-dur-avec-laurier\/","title":{"rendered":"SAVON DUR AVEC M\u00c9LANGE D&rsquo;\u00c9PICES SAUVAGES"},"content":{"rendered":"<p id=\"tw-target-text\" class=\"tw-data-text tw-text-large XcVN5d tw-ta\" dir=\"ltr\" data-placeholder=\"Vertaling\"><span lang=\"fr\">Enti\u00e8rement issu d&rsquo;huile essentielle d&rsquo;herbes sauvages. Fournit plus de mousse, hydrate et nourrit la peau. Les ingr\u00e9dients de nos savons sont d&rsquo;origine v\u00e9g\u00e9tale et autant que possible d&rsquo;origine biologique.<\/span><\/p>\n","protected":false},"excerpt":{"rendered":"<div class=\"jhH5U\">\n<div id=\"tw-ob\" class=\"tw-src-ltr\">\n<div class=\"oSioSc\">\n<div id=\"tw-target\">\n<div id=\"kAz1tf\" class=\"g9WsWb\">\n<div id=\"tw-target-text-container\" class=\"tw-ta-container tw-nfl\" tabindex=\"0\">\n<p id=\"tw-target-text\" class=\"tw-data-text tw-text-large tw-ta\" dir=\"ltr\" data-placeholder=\"Vertaling\"><span lang=\"fr\">Savon dur sans huile de palme 120 gr &#8211; Vio.me (Gr\u00e8ce)<\/span><\/p>\n<\/div>\n<\/div>\n<\/div>\n<\/div>\n<\/div>\n<\/div>\n","protected":false},"featured_media":2043,"comment_status":"open","ping_status":"closed","template":"","meta":{"_acf_changed":false},"product_brand":[],"product_cat":[39],"product_tag":[],"class_list":{"0":"post-1240","1":"product","2":"type-product","3":"status-publish","4":"has-post-thumbnail","6":"product_cat-produits-de-soins","7":"product_shipping_class-klein-product-fr","9":"first","10":"outofstock","11":"purchasable","12":"product-type-simple"},"acf":[],"_links":{"self":[{"href":"https:\/\/ecofair.be\/fr\/wp-json\/wp\/v2\/product\/1240","targetHints":{"allow":["GET"]}}],"collection":[{"href":"https:\/\/ecofair.be\/fr\/wp-json\/wp\/v2\/product"}],"about":[{"href":"https:\/\/ecofair.be\/fr\/wp-json\/wp\/v2\/types\/product"}],"replies":[{"embeddable":true,"href":"https:\/\/ecofair.be\/fr\/wp-json\/wp\/v2\/comments?post=1240"}],"wp:featuredmedia":[{"embeddable":true,"href":"https:\/\/ecofair.be\/fr\/wp-json\/wp\/v2\/media\/2043"}],"wp:attachment":[{"href":"https:\/\/ecofair.be\/fr\/wp-json\/wp\/v2\/media?parent=1240"}],"wp:term":[{"taxonomy":"product_brand","embeddable":true,"href":"https:\/\/ecofair.be\/fr\/wp-json\/wp\/v2\/product_brand?post=1240"},{"taxonomy":"product_cat","embeddable":true,"href":"https:\/\/ecofair.be\/fr\/wp-json\/wp\/v2\/product_cat?post=1240"},{"taxonomy":"product_tag","embeddable":true,"href":"https:\/\/ecofair.be\/fr\/wp-json\/wp\/v2\/product_tag?post=1240"}],"curies":[{"name":"wp","href":"https:\/\/api.w.org\/{rel}","templated":true}]}}