{"id":1227,"date":"2020-01-31T15:03:41","date_gmt":"2020-01-31T15:03:41","guid":{"rendered":"https:\/\/ecofair.be\/shop\/huile-essentielle-oregano\/"},"modified":"2022-01-01T00:00:04","modified_gmt":"2022-01-01T00:00:04","slug":"huile-essentielle-oregano","status":"publish","type":"product","link":"https:\/\/ecofair.be\/fr\/shop\/huile-essentielle-oregano\/","title":{"rendered":"HUILE ESSENTIELLE &#8211; OREGANO &#8211; BIO"},"content":{"rendered":"<p id=\"tw-target-text\" class=\"tw-data-text tw-text-large tw-ta\" dir=\"ltr\" data-placeholder=\"Vertaling\"><span lang=\"fr\">Selon la traduction contemporaine, le mot \u00ab\u00a0origan\u00a0\u00bb est d\u00e9riv\u00e9 des mots grecs anciens \u00ab\u00a0\u1f44\u03c1\u03bf\u03c2\u00a0\u00bb \/ \u00f3ros \/ (montagne) et \u00ab\u00a0\u03b3\u03ac\u03bd\u03bf\u03c2\u00a0\u00bb \/ g\u00e1nos \/ (\u00e9clat, joie) et fait r\u00e9f\u00e9rence \u00e0 ce qui apporte de la joie et clarifie la montagne. L&rsquo;origan est une plante herbac\u00e9e vivace au parfum aromatique sp\u00e9cial. Cette herbe pousse principalement dans la r\u00e9gion m\u00e9diterran\u00e9enne, depuis l&rsquo;Antiquit\u00e9, elle est utilis\u00e9e comme ar\u00f4me alimentaire mais aussi en m\u00e9decine populaire pour les troubles respiratoires. Ces produits proviennent d&rsquo;une petite entreprise familiale de Lesbos. 5 ml<\/span><\/p>\n","protected":false},"excerpt":{"rendered":"<p id=\"tw-target-text\" class=\"tw-data-text tw-text-large XcVN5d tw-ta\" dir=\"ltr\" data-placeholder=\"Vertaling\"><span lang=\"fr\">Huile essentielle d&rsquo;origan d&rsquo;Aetheleon (Gr\u00e8ce) &#8211; 5 ml<\/span><\/p>\n","protected":false},"featured_media":1572,"comment_status":"open","ping_status":"closed","template":"","meta":{"_acf_changed":false},"product_brand":[],"product_cat":[39],"product_tag":[],"class_list":{"0":"post-1227","1":"product","2":"type-product","3":"status-publish","4":"has-post-thumbnail","6":"product_cat-produits-de-soins","7":"product_shipping_class-klein-product-fr","9":"first","10":"instock","11":"purchasable","12":"product-type-simple"},"acf":[],"_links":{"self":[{"href":"https:\/\/ecofair.be\/fr\/wp-json\/wp\/v2\/product\/1227","targetHints":{"allow":["GET"]}}],"collection":[{"href":"https:\/\/ecofair.be\/fr\/wp-json\/wp\/v2\/product"}],"about":[{"href":"https:\/\/ecofair.be\/fr\/wp-json\/wp\/v2\/types\/product"}],"replies":[{"embeddable":true,"href":"https:\/\/ecofair.be\/fr\/wp-json\/wp\/v2\/comments?post=1227"}],"wp:featuredmedia":[{"embeddable":true,"href":"https:\/\/ecofair.be\/fr\/wp-json\/wp\/v2\/media\/1572"}],"wp:attachment":[{"href":"https:\/\/ecofair.be\/fr\/wp-json\/wp\/v2\/media?parent=1227"}],"wp:term":[{"taxonomy":"product_brand","embeddable":true,"href":"https:\/\/ecofair.be\/fr\/wp-json\/wp\/v2\/product_brand?post=1227"},{"taxonomy":"product_cat","embeddable":true,"href":"https:\/\/ecofair.be\/fr\/wp-json\/wp\/v2\/product_cat?post=1227"},{"taxonomy":"product_tag","embeddable":true,"href":"https:\/\/ecofair.be\/fr\/wp-json\/wp\/v2\/product_tag?post=1227"}],"curies":[{"name":"wp","href":"https:\/\/api.w.org\/{rel}","templated":true}]}}