{"id":1226,"date":"2020-01-31T14:54:31","date_gmt":"2020-01-31T14:54:31","guid":{"rendered":"https:\/\/ecofair.be\/shop\/eau-florale-romarin\/"},"modified":"2022-01-01T00:00:04","modified_gmt":"2022-01-01T00:00:04","slug":"eau-florale-romarin","status":"publish","type":"product","link":"https:\/\/ecofair.be\/fr\/shop\/eau-florale-romarin\/","title":{"rendered":"L&rsquo;EAU DE ROMARIN &#8211; BIO"},"content":{"rendered":"<p id=\"tw-target-text\" class=\"tw-data-text tw-text-large XcVN5d tw-ta\" dir=\"ltr\" data-placeholder=\"Vertaling\"><span lang=\"fr\">Vous pouvez utiliser l&rsquo;eau de fleur comme produit de soin de la peau. Il est si doux qu&rsquo;il ne provoque aucune irritation. Il est donc parfaitement adapt\u00e9 au soin des peaux sensibles et plus particuli\u00e8rement de la peau des b\u00e9b\u00e9s et des enfants. L&rsquo;eau de fleur est rafra\u00eechissante, anti-inflammatoire et bien plus encore. Ces produits proviennent d&rsquo;une petite entreprise familiale de Thessalonique Aetheleon. Ils font \u00e9galement partie de la coop\u00e9rative d&rsquo;agriculteurs Modousa. 100 ml<\/span><\/p>\n","protected":false},"excerpt":{"rendered":"<p id=\"tw-target-text\" class=\"tw-data-text tw-text-large XcVN5d tw-ta\" dir=\"ltr\" data-placeholder=\"Vertaling\"><span lang=\"fr\">Eau florale de romarin d&rsquo;Aetheleon (Gr\u00e8ce) &#8211; 100 ml<\/span><\/p>\n","protected":false},"featured_media":1574,"comment_status":"open","ping_status":"closed","template":"","meta":{"_acf_changed":false},"product_brand":[],"product_cat":[39],"product_tag":[],"class_list":{"0":"post-1226","1":"product","2":"type-product","3":"status-publish","4":"has-post-thumbnail","6":"product_cat-produits-de-soins","7":"product_shipping_class-klein-product-fr","9":"first","10":"outofstock","11":"purchasable","12":"product-type-simple"},"acf":[],"_links":{"self":[{"href":"https:\/\/ecofair.be\/fr\/wp-json\/wp\/v2\/product\/1226","targetHints":{"allow":["GET"]}}],"collection":[{"href":"https:\/\/ecofair.be\/fr\/wp-json\/wp\/v2\/product"}],"about":[{"href":"https:\/\/ecofair.be\/fr\/wp-json\/wp\/v2\/types\/product"}],"replies":[{"embeddable":true,"href":"https:\/\/ecofair.be\/fr\/wp-json\/wp\/v2\/comments?post=1226"}],"wp:featuredmedia":[{"embeddable":true,"href":"https:\/\/ecofair.be\/fr\/wp-json\/wp\/v2\/media\/1574"}],"wp:attachment":[{"href":"https:\/\/ecofair.be\/fr\/wp-json\/wp\/v2\/media?parent=1226"}],"wp:term":[{"taxonomy":"product_brand","embeddable":true,"href":"https:\/\/ecofair.be\/fr\/wp-json\/wp\/v2\/product_brand?post=1226"},{"taxonomy":"product_cat","embeddable":true,"href":"https:\/\/ecofair.be\/fr\/wp-json\/wp\/v2\/product_cat?post=1226"},{"taxonomy":"product_tag","embeddable":true,"href":"https:\/\/ecofair.be\/fr\/wp-json\/wp\/v2\/product_tag?post=1226"}],"curies":[{"name":"wp","href":"https:\/\/api.w.org\/{rel}","templated":true}]}}