{"id":1195,"date":"2020-01-23T15:35:56","date_gmt":"2020-01-23T15:35:56","guid":{"rendered":"https:\/\/ecofair.be\/shop\/the-noir-darjeeling\/"},"modified":"2025-04-03T08:35:55","modified_gmt":"2025-04-03T08:35:55","slug":"the-noir-darjeeling","status":"publish","type":"product","link":"https:\/\/ecofair.be\/fr\/shop\/the-noir-darjeeling\/","title":{"rendered":"THE NOIR DARJEELING"},"content":{"rendered":"<p id=\"tw-target-text\" class=\"tw-data-text tw-text-large XcVN5d tw-ta\" dir=\"ltr\" data-placeholder=\"Vertaling\"><span lang=\"fr\">1336 Scop-Ti, l&rsquo;usine occup\u00e9e par les Fran\u00e7ais fabrique des th\u00e9s et des infusions sans ar\u00f4mes ajout\u00e9s. Go\u00fbtez maintenant leur d\u00e9licieux th\u00e9 noir darjeeling, nomm\u00e9 d&rsquo;apr\u00e8s le magnifique district montagneux de l&rsquo;Inde au pied de l&rsquo;Himalaya. Il y a 25 sacs dans une bo\u00eete.<\/span><\/p>\n","protected":false},"excerpt":{"rendered":"<p>1336 Scop-Ti fabrique des th\u00e9s et infusions sans additifs aromatiques (France) &#8211; 25 sachets<\/p>\n","protected":false},"featured_media":1542,"comment_status":"open","ping_status":"closed","template":"","meta":{"_acf_changed":false},"product_brand":[],"product_cat":[36],"product_tag":[],"class_list":{"0":"post-1195","1":"product","2":"type-product","3":"status-publish","4":"has-post-thumbnail","6":"product_cat-boissons","7":"product_shipping_class-klein-product-fr","9":"first","10":"outofstock","11":"purchasable","12":"product-type-simple"},"acf":[],"_links":{"self":[{"href":"https:\/\/ecofair.be\/fr\/wp-json\/wp\/v2\/product\/1195","targetHints":{"allow":["GET"]}}],"collection":[{"href":"https:\/\/ecofair.be\/fr\/wp-json\/wp\/v2\/product"}],"about":[{"href":"https:\/\/ecofair.be\/fr\/wp-json\/wp\/v2\/types\/product"}],"replies":[{"embeddable":true,"href":"https:\/\/ecofair.be\/fr\/wp-json\/wp\/v2\/comments?post=1195"}],"wp:featuredmedia":[{"embeddable":true,"href":"https:\/\/ecofair.be\/fr\/wp-json\/wp\/v2\/media\/1542"}],"wp:attachment":[{"href":"https:\/\/ecofair.be\/fr\/wp-json\/wp\/v2\/media?parent=1195"}],"wp:term":[{"taxonomy":"product_brand","embeddable":true,"href":"https:\/\/ecofair.be\/fr\/wp-json\/wp\/v2\/product_brand?post=1195"},{"taxonomy":"product_cat","embeddable":true,"href":"https:\/\/ecofair.be\/fr\/wp-json\/wp\/v2\/product_cat?post=1195"},{"taxonomy":"product_tag","embeddable":true,"href":"https:\/\/ecofair.be\/fr\/wp-json\/wp\/v2\/product_tag?post=1195"}],"curies":[{"name":"wp","href":"https:\/\/api.w.org\/{rel}","templated":true}]}}