{"id":800,"date":"2019-03-22T15:38:05","date_gmt":"2019-03-22T15:38:05","guid":{"rendered":"https:\/\/ecofair.be\/cooperateur\/"},"modified":"2025-12-09T16:34:15","modified_gmt":"2025-12-09T16:34:15","slug":"cooperateur","status":"publish","type":"page","link":"https:\/\/ecofair.be\/fr\/cooperateur\/","title":{"rendered":"Coop\u00e9rateur"},"content":{"rendered":"<p>Devenir Coop\u00e9rateur?<\/p>\n<p>Vous voulez soutenir notre initiative en achetant une ou plusieurs parts de notre SCRL-FS van Eco &amp; Fair CVBA-SO ? Pour cela vous devez remplir ce formulaire.<\/p>\n<ul>\n<li>Une part co\u00fbte \u20ac100. Si vous souhaitez prendre plusieurs parts, il vous suffit de choisir un multiple de ce montant, donc \u20ac200, \u20ac300, \u20ac400,\u2026<\/li>\n<li>A la r\u00e9ception de ce montant sur le compte en banque de Eco &amp; Fair, nous vous enverrons une confirmation papier (preuve de prise de part).<\/li>\n<li>Vous pouvez, via le formulaire, indiquer si vous souhaitez soutenir le travail d&rsquo;une association en particulier.\u00a0 Une part de votre investissement ira alors au fonctionnement de cette organisation.<\/li>\n<li>Chaque porteur de part de Eco &amp; Fair SCRL-FS dispose d&rsquo;une seule voix lors de l&rsquo;Assembl\u00e9e G\u00e9n\u00e9rale, ind\u00e9pendamment du nombre de parts qu&rsquo;il ou elle poss\u00e8de.<\/li>\n<li>Vous investissez dans une entreprise, avec les risques mais \u00e9galement les opportunit\u00e9s inh\u00e9rentes \u00e0 cette prise de part.\u00a0 Vous pouvez uniquement perdre votre investissement de d\u00e9part.\u00a0 Vous ne pouvez pas \u00eatre tenu responsable personnellement (et donc risquer vos avoirs).<\/li>\n<li>Via le syst\u00e8me Tax Shelter (investissement dans une entreprise naissante), vous recevez une baisse d&rsquo;imp\u00f4t de 45% du montant investi la premi\u00e8re ann\u00e9e.\u00a0 Ceci est valable uniquement pour les particuliers, pas pour les entreprises (qui ach\u00e8teraient des parts). Vous recevrez les papiers n\u00e9cessaires de notre part, \u00e0 la fin de l&rsquo;ann\u00e9e d&rsquo;achat. Vous devez alors conserver votre part de Eco &amp; Fair SCRL-FS durant 4 ans minimum.<\/li>\n<li>Vous pouvez transmettre cette part, sans accord n\u00e9cessaire du Conseil d&rsquo;Administration, \u00e0 vos enfants ou \u00e0 votre conjoint. Pour toute autre transmission de parts, un accord du Conseil d&rsquo;Administration est n\u00e9cessaire.<\/li>\n<li>L&rsquo;achat de parts est effectif apr\u00e8s le paiement du montant choisi sur le compte en banque num\u00e9ro\u00a0 BE94 8919 1401 2014\u00a0de Eco &amp; Fair avec la communication libre \u2018part Eco &amp; Fair + nom et pr\u00e9nom\u2019<\/li>\n<\/ul>\n<p><a class=\"m_-3810622999110373932gmail-btn m_-3810622999110373932gmail-btn-center m_-3810622999110373932gmail-btn-primary m_-3810622999110373932gmail-btn-rounded\" href=\"https:\/\/docs.google.com\/forms\/d\/e\/1FAIpQLSdgku-Jj584LHhyGk1cv5N5_QuAWfpAkYplecBwoby8hLlEfg\/viewform\" target=\"_blank\" rel=\"noopener noreferrer\" data-saferedirecturl=\"https:\/\/www.google.com\/url?q=https:\/\/docs.google.com\/forms\/d\/e\/1FAIpQLSdgku-Jj584LHhyGk1cv5N5_QuAWfpAkYplecBwoby8hLlEfg\/viewform&amp;source=gmail&amp;ust=1553354729327000&amp;usg=AFQjCNEcNja7DdPeSF_Pi8C2ooQ_p2euvA\">Merci de remplir ce formulaire SVP<\/a><\/p>\n","protected":false},"excerpt":{"rendered":"<p>Devenir Coop\u00e9rateur? Vous voulez soutenir notre initiative en achetant une ou plusieurs parts de notre SCRL-FS van Eco &amp; Fair CVBA-SO ? Pour cela vous devez remplir ce formulaire. Une part co\u00fbte \u20ac100. Si vous souhaitez prendre plusieurs parts, il vous suffit de choisir un multiple de ce montant, donc \u20ac200, \u20ac300, \u20ac400,\u2026 A la [&hellip;]<\/p>\n","protected":false},"author":3,"featured_media":0,"parent":0,"menu_order":0,"comment_status":"closed","ping_status":"closed","template":"page-wysiwyg.php","meta":{"_acf_changed":false,"footnotes":""},"class_list":["post-800","page","type-page","status-publish","hentry"],"acf":[],"_links":{"self":[{"href":"https:\/\/ecofair.be\/fr\/wp-json\/wp\/v2\/pages\/800","targetHints":{"allow":["GET"]}}],"collection":[{"href":"https:\/\/ecofair.be\/fr\/wp-json\/wp\/v2\/pages"}],"about":[{"href":"https:\/\/ecofair.be\/fr\/wp-json\/wp\/v2\/types\/page"}],"author":[{"embeddable":true,"href":"https:\/\/ecofair.be\/fr\/wp-json\/wp\/v2\/users\/3"}],"replies":[{"embeddable":true,"href":"https:\/\/ecofair.be\/fr\/wp-json\/wp\/v2\/comments?post=800"}],"version-history":[{"count":0,"href":"https:\/\/ecofair.be\/fr\/wp-json\/wp\/v2\/pages\/800\/revisions"}],"wp:attachment":[{"href":"https:\/\/ecofair.be\/fr\/wp-json\/wp\/v2\/media?parent=800"}],"curies":[{"name":"wp","href":"https:\/\/api.w.org\/{rel}","templated":true}]}}