{"id":404,"date":"2019-02-03T20:56:10","date_gmt":"2019-02-03T20:56:10","guid":{"rendered":"https:\/\/ecofair.be\/?page_id=404"},"modified":"2020-02-14T13:39:38","modified_gmt":"2020-02-14T13:39:38","slug":"contact","status":"publish","type":"page","link":"https:\/\/ecofair.be\/fr\/contact\/","title":{"rendered":"Contact"},"content":{"rendered":"<p>Des questions, des commentaires ou des suggestions? N&rsquo;h\u00e9sitez pas \u00e0 nous contacter en utilisant les d\u00e9tails ci-dessous ou le formulaire sur cette page. commentaires, suggestions ou suggestions?<\/p>\n<p>Eco &amp; Fair<br \/>\nGroenlaan 39<br \/>\n9550 Herzele<br \/>\n+32 (0) 484 832 463<br \/>\ninfo@ecofair.be<\/p>\n<p>BTW 0720.896.179<\/p>\n<p>avec le soutien de<\/p>\n<p><img loading=\"lazy\" decoding=\"async\" class=\"alignnone size-full wp-image-460\" src=\"https:\/\/ecofair.be\/wp-content\/uploads\/2019\/02\/vlaamse-overheid.png\" alt=\"\" width=\"261\" height=\"193\" \/><\/p>\n","protected":false},"excerpt":{"rendered":"<p>Des questions, des commentaires ou des suggestions? N&rsquo;h\u00e9sitez pas \u00e0 nous contacter en utilisant les d\u00e9tails ci-dessous ou le formulaire sur cette page. commentaires, suggestions ou suggestions? Eco &amp; Fair Groenlaan 39 9550 Herzele +32 (0) 484 832 463 info@ecofair.be BTW 0720.896.179 avec le soutien de<\/p>\n","protected":false},"author":1,"featured_media":0,"parent":0,"menu_order":0,"comment_status":"closed","ping_status":"closed","template":"","meta":{"_acf_changed":false,"footnotes":""},"class_list":["post-404","page","type-page","status-publish","hentry"],"acf":[],"_links":{"self":[{"href":"https:\/\/ecofair.be\/fr\/wp-json\/wp\/v2\/pages\/404","targetHints":{"allow":["GET"]}}],"collection":[{"href":"https:\/\/ecofair.be\/fr\/wp-json\/wp\/v2\/pages"}],"about":[{"href":"https:\/\/ecofair.be\/fr\/wp-json\/wp\/v2\/types\/page"}],"author":[{"embeddable":true,"href":"https:\/\/ecofair.be\/fr\/wp-json\/wp\/v2\/users\/1"}],"replies":[{"embeddable":true,"href":"https:\/\/ecofair.be\/fr\/wp-json\/wp\/v2\/comments?post=404"}],"version-history":[{"count":0,"href":"https:\/\/ecofair.be\/fr\/wp-json\/wp\/v2\/pages\/404\/revisions"}],"wp:attachment":[{"href":"https:\/\/ecofair.be\/fr\/wp-json\/wp\/v2\/media?parent=404"}],"curies":[{"name":"wp","href":"https:\/\/api.w.org\/{rel}","templated":true}]}}